{"id":18019,"date":"2025-06-12T18:06:47","date_gmt":"2025-06-12T16:06:47","guid":{"rendered":"https:\/\/bolita-events.com\/politica-de-cookies\/"},"modified":"2025-08-12T09:23:18","modified_gmt":"2025-08-12T07:23:18","slug":"politica-de-cookies","status":"publish","type":"page","link":"https:\/\/bolita-events.com\/es\/politica-de-cookies\/","title":{"rendered":"Pol\u00edtica de cookies"},"content":{"rendered":"\t\t<div data-elementor-type=\"wp-page\" data-elementor-id=\"18019\" class=\"elementor elementor-18019 elementor-17037\" data-elementor-post-type=\"page\">\n\t\t\t\t<div class=\"elementor-element elementor-element-a9fb2bd e-flex e-con-boxed e-con e-parent\" data-id=\"a9fb2bd\" data-element_type=\"container\" data-settings=\"{&quot;background_background&quot;:&quot;classic&quot;,&quot;wcf_enable_cursor_hover_effect_text&quot;:&quot;View&quot;,&quot;wcf-animation&quot;:&quot;none&quot;}\">\n\t\t\t\t\t<div class=\"e-con-inner\">\n\t\t\t\t<div class=\"elementor-element elementor-element-6c65e95 wcf-t-animation-none elementor-widget elementor-widget-heading\" data-id=\"6c65e95\" data-element_type=\"widget\" data-settings=\"{&quot;wcf_text_animation&quot;:&quot;none&quot;,&quot;wcf-animation&quot;:&quot;none&quot;}\" data-widget_type=\"heading.default\">\n\t\t\t\t<div class=\"elementor-widget-container\">\n\t\t\t\t\t<h1 class=\"elementor-heading-title elementor-size-default\">Pol\u00edtica de cookies<\/h1>\t\t\t\t<\/div>\n\t\t\t\t<\/div>\n\t\t\t\t\t<\/div>\n\t\t\t\t<\/div>\n\t\t<div class=\"elementor-element elementor-element-6b25cb09 e-flex e-con-boxed e-con e-parent\" data-id=\"6b25cb09\" data-element_type=\"container\" data-settings=\"{&quot;wcf_enable_cursor_hover_effect_text&quot;:&quot;View&quot;,&quot;wcf-animation&quot;:&quot;none&quot;}\">\n\t\t\t\t\t<div class=\"e-con-inner\">\n\t\t\t\t<div class=\"elementor-element elementor-element-205b2980 wcf-t-animation-none elementor-widget elementor-widget-text-editor\" data-id=\"205b2980\" data-element_type=\"widget\" data-settings=\"{&quot;wcf_text_animation&quot;:&quot;none&quot;,&quot;wcf-animation&quot;:&quot;none&quot;}\" data-widget_type=\"text-editor.default\">\n\t\t\t\t<div class=\"elementor-widget-container\">\n\t\t\t\t\t\t\t\t\t<p>Pol\u00edtica de cookies<br>Mareike Ramona Wevers informa sobre el uso de cookies en su sitio web: www.bolita-events.com<\/p><p>\u00bfQu\u00e9 son las cookies?<br>Las cookies son archivos que se pueden descargar en su dispositivo a trav\u00e9s de p\u00e1ginas web. Son herramientas esenciales para prestar numerosos servicios en la sociedad de la informaci\u00f3n. Entre otras cosas, permiten a un sitio web almacenar y recuperar informaci\u00f3n sobre los h\u00e1bitos de navegaci\u00f3n de un usuario o de su dispositivo y, en funci\u00f3n de la informaci\u00f3n obtenida, pueden utilizarse para reconocer al usuario y mejorar el servicio ofrecido.  <\/p><p>Tipos de cookies<br>En funci\u00f3n de qui\u00e9n gestione el dominio desde el que se env\u00edan las cookies y trate los datos obtenidos, se pueden distinguir dos tipos:<br>\u2022 Cookies propias: son aquellas que se env\u00edan al dispositivo del usuario desde un equipo o dominio gestionado por el propio editor y desde el que se presta el servicio solicitado por el usuario.<br>\u2022 Cookies de terceros: son aquellas que se env\u00edan al dispositivo del usuario desde una m\u00e1quina o dominio no gestionado por el editor, sino por otra entidad que procesa los datos obtenidos a trav\u00e9s de las cookies.<br>Si las cookies se instalan desde una m\u00e1quina o dominio gestionado por el editor, pero la informaci\u00f3n recopilada a trav\u00e9s de ellas es gestionada por un tercero, no pueden considerarse cookies propias.<\/p><p>Tambi\u00e9n existe una segunda clasificaci\u00f3n basada en el tiempo que permanecen almacenadas en el navegador del cliente, que puede ser:<br>\u2022 Cookies de sesi\u00f3n: Dise\u00f1adas para recopilar y almacenar datos mientras el usuario accede a una p\u00e1gina web. Se suelen utilizar para almacenar informaci\u00f3n que solo necesita conservarse para la prestaci\u00f3n del servicio solicitado por el usuario en una ocasi\u00f3n (por ejemplo, una lista de productos comprados). <br>\u2022 Cookies persistentes: los datos permanecen almacenados en el dispositivo y pueden ser accedidos y tratados durante un periodo definido por el propietario de la cookie, que puede ir desde unos minutos hasta varios a\u00f1os.<\/p><p>Por \u00faltimo, existe otra clasificaci\u00f3n con seis tipos de cookies en funci\u00f3n de la finalidad para la que se tratan los datos obtenidos:<br>\u2022 Cookies t\u00e9cnicas: permiten al usuario navegar por una p\u00e1gina web, plataforma o aplicaci\u00f3n y utilizar diversas opciones o servicios disponibles, como controlar el tr\u00e1fico y la comunicaci\u00f3n de datos, identificar la sesi\u00f3n, acceder a \u00e1reas de acceso restringido, recordar los elementos de un pedido, tramitar un pedido, solicitar el registro o la participaci\u00f3n en un evento, utilizar elementos de seguridad durante la navegaci\u00f3n, almacenar contenidos para la difusi\u00f3n de v\u00eddeos o sonidos, o compartir contenidos a trav\u00e9s de redes sociales.<br>\u2022 Cookies de personalizaci\u00f3n: permiten al usuario acceder al servicio con algunas caracter\u00edsticas generales predefinidas en funci\u00f3n de una serie de criterios en el dispositivo del usuario, como el idioma, el tipo de navegador, la configuraci\u00f3n regional, etc.<br>\u2022 Cookies anal\u00edticas: permiten al responsable realizar el seguimiento y an\u00e1lisis del comportamiento de los usuarios en los sitios web a los que est\u00e1n vinculadas. La informaci\u00f3n recogida a trav\u00e9s de estas cookies se utiliza para medir la actividad de los sitios web, aplicaciones o plataformas y para crear perfiles de navegaci\u00f3n de los usuarios con el fin de introducir mejoras basadas en el an\u00e1lisis de los datos de uso. <br>\u2022 Cookies publicitarias: permiten la gesti\u00f3n eficaz de los espacios publicitarios.<br>\u2022 Cookies de publicidad comportamental: almacenan informaci\u00f3n sobre el comportamiento de los usuarios obtenida a trav\u00e9s de la observaci\u00f3n continua de sus h\u00e1bitos de navegaci\u00f3n, lo que permite desarrollar perfiles espec\u00edficos para mostrar anuncios en consecuencia.<br>\u2022 Cookies de redes sociales externas: se utilizan para permitir a los visitantes interactuar con contenidos de diferentes plataformas sociales (Facebook, YouTube, Twitter, LinkedIn, etc.) y se generan \u00fanicamente para los usuarios de dichas redes sociales. Las condiciones de uso de estas cookies y la informaci\u00f3n recopilada se rigen por la pol\u00edtica de privacidad de la plataforma social correspondiente. <\/p><p>Desactivaci\u00f3n y eliminaci\u00f3n de cookies<br>Usted tiene la opci\u00f3n de permitir, bloquear o eliminar las cookies instaladas en su dispositivo configurando las opciones del navegador instalado en su dispositivo. La desactivaci\u00f3n de las cookies puede provocar que algunos de los servicios disponibles dejen de funcionar. La forma de desactivar las cookies var\u00eda seg\u00fan el navegador, pero normalmente se puede hacer desde el men\u00fa Herramientas u Opciones. Tambi\u00e9n puede consultar el men\u00fa Ayuda del navegador para obtener instrucciones. El usuario puede elegir en cualquier momento qu\u00e9 cookies desea que funcionen en este sitio web.    <\/p><p>Puede permitir, bloquear o eliminar las cookies instaladas en su dispositivo configurando las opciones del navegador instalado en su ordenador:<br>\u2022 Microsoft Internet Explorer o Microsoft Edge: http:\/\/windows.microsoft.com\/en-us\/windows-vista\/Block-or-allow-cookies<br>\u2022 Mozilla Firefox: http:\/\/support.mozilla.org\/en-us\/kb\/Prevent-websites-storing-preferences<br>\u2022 Chrome: https:\/\/support.google.com\/accounts\/answer\/61416?hl=en<br>\u2022 Safari: http:\/\/safari.helpmax.net\/en\/privacy-and-security\/how-to-manage-cookies\/<br>\u2022 Opera: http:\/\/help.opera.com\/Linux\/10.60\/en\/cookies.html<\/p><p>Adem\u00e1s, puede gestionar el almacenamiento de cookies en su navegador utilizando herramientas como:<br>\u2022 Ghostery: www.ghostery.com<br>\u2022 Your Online Choices: www.youronlinechoices.com\/en\/<\/p><p>Cookies utilizadas en www.bolita-events.com<br>A continuaci\u00f3n se identifican las cookies que se utilizan en este portal, as\u00ed como su tipo y funci\u00f3n:<\/p><p>Aceptaci\u00f3n de la Pol\u00edtica de Cookies<br>\u00abURL del sitio web\u00bb asume que usted acepta el uso de cookies. Sin embargo, muestra informaci\u00f3n sobre su Pol\u00edtica de Cookies en la parte inferior o superior de cualquier p\u00e1gina del portal con cada inicio de sesi\u00f3n para que usted est\u00e9 al tanto. <\/p><p>A la luz de esta informaci\u00f3n, puede realizar las siguientes acciones:<br>\u2022 Aceptar cookies: este aviso no se volver\u00e1 a mostrar al acceder a cualquier p\u00e1gina del portal durante la sesi\u00f3n actual.<br>\u2022 Cerrar: el aviso se oculta en la p\u00e1gina actual.<br>\u2022 Modificar su configuraci\u00f3n: puede obtener m\u00e1s informaci\u00f3n sobre qu\u00e9 son las cookies, conocer la Pol\u00edtica de cookies de: www.bolita-events.com y modificar la configuraci\u00f3n de su navegador.<\/p><p>REV: 20.0211<\/p>\t\t\t\t\t\t\t\t<\/div>\n\t\t\t\t<\/div>\n\t\t\t\t\t<\/div>\n\t\t\t\t<\/div>\n\t\t\t\t<\/div>\n\t\t","protected":false},"excerpt":{"rendered":"<p>Pol\u00edtica de cookies Pol\u00edtica de cookiesMareike Ramona Wevers informa sobre el uso de cookies en su sitio web: www.bolita-events.com \u00bfQu\u00e9 son las cookies?Las cookies son archivos que se pueden descargar en su dispositivo a trav\u00e9s de p\u00e1ginas web. Son herramientas esenciales para prestar numerosos servicios en la sociedad de la informaci\u00f3n. Entre otras cosas, permiten [&hellip;]<\/p>\n","protected":false},"author":1,"featured_media":0,"parent":0,"menu_order":0,"comment_status":"closed","ping_status":"closed","template":"elementor_header_footer","meta":{"_acf_changed":false,"footnotes":""},"class_list":["post-18019","page","type-page","status-publish","hentry"],"acf":[],"yoast_head":"<!-- This site is optimized with the Yoast SEO plugin v26.1.1 - https:\/\/yoast.com\/wordpress\/plugins\/seo\/ -->\n<title>Pol\u00edtica de cookies | Bolita Events<\/title>\n<meta name=\"robots\" content=\"index, follow, max-snippet:-1, max-image-preview:large, max-video-preview:-1\" \/>\n<link rel=\"canonical\" href=\"https:\/\/bolita-events.com\/es\/politica-de-cookies\/\" \/>\n<meta property=\"og:locale\" content=\"es_ES\" \/>\n<meta property=\"og:type\" content=\"article\" \/>\n<meta property=\"og:title\" content=\"Pol\u00edtica de cookies | Bolita Events\" \/>\n<meta property=\"og:description\" content=\"Pol\u00edtica de cookies Pol\u00edtica de cookiesMareike Ramona Wevers informa sobre el uso de cookies en su sitio web: www.bolita-events.com \u00bfQu\u00e9 son las cookies?Las cookies son archivos que se pueden descargar en su dispositivo a trav\u00e9s de p\u00e1ginas web. Son herramientas esenciales para prestar numerosos servicios en la sociedad de la informaci\u00f3n. Entre otras cosas, permiten [&hellip;]\" \/>\n<meta property=\"og:url\" content=\"https:\/\/bolita-events.com\/es\/politica-de-cookies\/\" \/>\n<meta property=\"og:site_name\" content=\"Bolita Events\" \/>\n<meta property=\"article:publisher\" content=\"https:\/\/www.facebook.com\/BolitaEvents\/\" \/>\n<meta property=\"article:modified_time\" content=\"2025-08-12T07:23:18+00:00\" \/>\n<meta property=\"og:image\" content=\"https:\/\/bolita-events.com\/wp-content\/uploads\/2024\/05\/LOGO_BOLITA_CONSIMBOLO-1-scaled.png\" \/>\n\t<meta property=\"og:image:width\" content=\"2560\" \/>\n\t<meta property=\"og:image:height\" content=\"1871\" \/>\n\t<meta property=\"og:image:type\" content=\"image\/png\" \/>\n<meta name=\"twitter:card\" content=\"summary_large_image\" \/>\n<meta name=\"twitter:label1\" content=\"Tiempo de lectura\" \/>\n\t<meta name=\"twitter:data1\" content=\"5 minutos\" \/>\n<script type=\"application\/ld+json\" class=\"yoast-schema-graph\">{\"@context\":\"https:\/\/schema.org\",\"@graph\":[{\"@type\":\"WebPage\",\"@id\":\"https:\/\/bolita-events.com\/es\/politica-de-cookies\/\",\"url\":\"https:\/\/bolita-events.com\/es\/politica-de-cookies\/\",\"name\":\"Pol\u00edtica de cookies | Bolita Events\",\"isPartOf\":{\"@id\":\"https:\/\/bolita-events.com\/es\/#website\"},\"datePublished\":\"2025-06-12T16:06:47+00:00\",\"dateModified\":\"2025-08-12T07:23:18+00:00\",\"breadcrumb\":{\"@id\":\"https:\/\/bolita-events.com\/es\/politica-de-cookies\/#breadcrumb\"},\"inLanguage\":\"es\",\"potentialAction\":[{\"@type\":\"ReadAction\",\"target\":[\"https:\/\/bolita-events.com\/es\/politica-de-cookies\/\"]}]},{\"@type\":\"BreadcrumbList\",\"@id\":\"https:\/\/bolita-events.com\/es\/politica-de-cookies\/#breadcrumb\",\"itemListElement\":[{\"@type\":\"ListItem\",\"position\":1,\"name\":\"Portada\",\"item\":\"https:\/\/bolita-events.com\/es\/inicio\/\"},{\"@type\":\"ListItem\",\"position\":2,\"name\":\"Pol\u00edtica de cookies\"}]},{\"@type\":\"WebSite\",\"@id\":\"https:\/\/bolita-events.com\/es\/#website\",\"url\":\"https:\/\/bolita-events.com\/es\/\",\"name\":\"Bolita Events\",\"description\":\"Consultant Agency\",\"publisher\":{\"@id\":\"https:\/\/bolita-events.com\/es\/#organization\"},\"alternateName\":\"Bolita\",\"potentialAction\":[{\"@type\":\"SearchAction\",\"target\":{\"@type\":\"EntryPoint\",\"urlTemplate\":\"https:\/\/bolita-events.com\/es\/?s={search_term_string}\"},\"query-input\":{\"@type\":\"PropertyValueSpecification\",\"valueRequired\":true,\"valueName\":\"search_term_string\"}}],\"inLanguage\":\"es\"},{\"@type\":\"Organization\",\"@id\":\"https:\/\/bolita-events.com\/es\/#organization\",\"name\":\"Bolita Events\",\"alternateName\":\"Bolita\",\"url\":\"https:\/\/bolita-events.com\/es\/\",\"logo\":{\"@type\":\"ImageObject\",\"inLanguage\":\"es\",\"@id\":\"https:\/\/bolita-events.com\/es\/#\/schema\/logo\/image\/\",\"url\":\"https:\/\/bolita-events.com\/wp-content\/uploads\/2024\/05\/LOGO_BOLITA_CONSIMBOLO-1-scaled.png\",\"contentUrl\":\"https:\/\/bolita-events.com\/wp-content\/uploads\/2024\/05\/LOGO_BOLITA_CONSIMBOLO-1-scaled.png\",\"width\":2560,\"height\":1871,\"caption\":\"Bolita Events\"},\"image\":{\"@id\":\"https:\/\/bolita-events.com\/es\/#\/schema\/logo\/image\/\"},\"sameAs\":[\"https:\/\/www.facebook.com\/BolitaEvents\/\",\"https:\/\/es.linkedin.com\/company\/bolita-events\"]}]}<\/script>\n<!-- \/ Yoast SEO plugin. -->","yoast_head_json":{"title":"Pol\u00edtica de cookies | Bolita Events","robots":{"index":"index","follow":"follow","max-snippet":"max-snippet:-1","max-image-preview":"max-image-preview:large","max-video-preview":"max-video-preview:-1"},"canonical":"https:\/\/bolita-events.com\/es\/politica-de-cookies\/","og_locale":"es_ES","og_type":"article","og_title":"Pol\u00edtica de cookies | Bolita Events","og_description":"Pol\u00edtica de cookies Pol\u00edtica de cookiesMareike Ramona Wevers informa sobre el uso de cookies en su sitio web: www.bolita-events.com \u00bfQu\u00e9 son las cookies?Las cookies son archivos que se pueden descargar en su dispositivo a trav\u00e9s de p\u00e1ginas web. Son herramientas esenciales para prestar numerosos servicios en la sociedad de la informaci\u00f3n. Entre otras cosas, permiten [&hellip;]","og_url":"https:\/\/bolita-events.com\/es\/politica-de-cookies\/","og_site_name":"Bolita Events","article_publisher":"https:\/\/www.facebook.com\/BolitaEvents\/","article_modified_time":"2025-08-12T07:23:18+00:00","og_image":[{"width":2560,"height":1871,"url":"https:\/\/bolita-events.com\/wp-content\/uploads\/2024\/05\/LOGO_BOLITA_CONSIMBOLO-1-scaled.png","type":"image\/png"}],"twitter_card":"summary_large_image","twitter_misc":{"Tiempo de lectura":"5 minutos"},"schema":{"@context":"https:\/\/schema.org","@graph":[{"@type":"WebPage","@id":"https:\/\/bolita-events.com\/es\/politica-de-cookies\/","url":"https:\/\/bolita-events.com\/es\/politica-de-cookies\/","name":"Pol\u00edtica de cookies | Bolita Events","isPartOf":{"@id":"https:\/\/bolita-events.com\/es\/#website"},"datePublished":"2025-06-12T16:06:47+00:00","dateModified":"2025-08-12T07:23:18+00:00","breadcrumb":{"@id":"https:\/\/bolita-events.com\/es\/politica-de-cookies\/#breadcrumb"},"inLanguage":"es","potentialAction":[{"@type":"ReadAction","target":["https:\/\/bolita-events.com\/es\/politica-de-cookies\/"]}]},{"@type":"BreadcrumbList","@id":"https:\/\/bolita-events.com\/es\/politica-de-cookies\/#breadcrumb","itemListElement":[{"@type":"ListItem","position":1,"name":"Portada","item":"https:\/\/bolita-events.com\/es\/inicio\/"},{"@type":"ListItem","position":2,"name":"Pol\u00edtica de cookies"}]},{"@type":"WebSite","@id":"https:\/\/bolita-events.com\/es\/#website","url":"https:\/\/bolita-events.com\/es\/","name":"Bolita Events","description":"Consultant Agency","publisher":{"@id":"https:\/\/bolita-events.com\/es\/#organization"},"alternateName":"Bolita","potentialAction":[{"@type":"SearchAction","target":{"@type":"EntryPoint","urlTemplate":"https:\/\/bolita-events.com\/es\/?s={search_term_string}"},"query-input":{"@type":"PropertyValueSpecification","valueRequired":true,"valueName":"search_term_string"}}],"inLanguage":"es"},{"@type":"Organization","@id":"https:\/\/bolita-events.com\/es\/#organization","name":"Bolita Events","alternateName":"Bolita","url":"https:\/\/bolita-events.com\/es\/","logo":{"@type":"ImageObject","inLanguage":"es","@id":"https:\/\/bolita-events.com\/es\/#\/schema\/logo\/image\/","url":"https:\/\/bolita-events.com\/wp-content\/uploads\/2024\/05\/LOGO_BOLITA_CONSIMBOLO-1-scaled.png","contentUrl":"https:\/\/bolita-events.com\/wp-content\/uploads\/2024\/05\/LOGO_BOLITA_CONSIMBOLO-1-scaled.png","width":2560,"height":1871,"caption":"Bolita Events"},"image":{"@id":"https:\/\/bolita-events.com\/es\/#\/schema\/logo\/image\/"},"sameAs":["https:\/\/www.facebook.com\/BolitaEvents\/","https:\/\/es.linkedin.com\/company\/bolita-events"]}]}},"_links":{"self":[{"href":"https:\/\/bolita-events.com\/es\/wp-json\/wp\/v2\/pages\/18019","targetHints":{"allow":["GET"]}}],"collection":[{"href":"https:\/\/bolita-events.com\/es\/wp-json\/wp\/v2\/pages"}],"about":[{"href":"https:\/\/bolita-events.com\/es\/wp-json\/wp\/v2\/types\/page"}],"author":[{"embeddable":true,"href":"https:\/\/bolita-events.com\/es\/wp-json\/wp\/v2\/users\/1"}],"replies":[{"embeddable":true,"href":"https:\/\/bolita-events.com\/es\/wp-json\/wp\/v2\/comments?post=18019"}],"version-history":[{"count":3,"href":"https:\/\/bolita-events.com\/es\/wp-json\/wp\/v2\/pages\/18019\/revisions"}],"predecessor-version":[{"id":18022,"href":"https:\/\/bolita-events.com\/es\/wp-json\/wp\/v2\/pages\/18019\/revisions\/18022"}],"wp:attachment":[{"href":"https:\/\/bolita-events.com\/es\/wp-json\/wp\/v2\/media?parent=18019"}],"curies":[{"name":"wp","href":"https:\/\/api.w.org\/{rel}","templated":true}]}}