{"id":18017,"date":"2025-06-12T18:07:14","date_gmt":"2025-06-12T16:07:14","guid":{"rendered":"https:\/\/bolita-events.com\/aviso-legal\/"},"modified":"2025-08-12T09:18:14","modified_gmt":"2025-08-12T07:18:14","slug":"aviso-legal","status":"publish","type":"page","link":"https:\/\/bolita-events.com\/es\/aviso-legal\/","title":{"rendered":"Aviso legal"},"content":{"rendered":"\t\t<div data-elementor-type=\"wp-page\" data-elementor-id=\"18017\" class=\"elementor elementor-18017 elementor-17039\" data-elementor-post-type=\"page\">\n\t\t\t\t<div class=\"elementor-element elementor-element-7466058 e-flex e-con-boxed e-con e-parent\" data-id=\"7466058\" data-element_type=\"container\" data-settings=\"{&quot;background_background&quot;:&quot;classic&quot;,&quot;wcf_enable_cursor_hover_effect_text&quot;:&quot;View&quot;,&quot;wcf-animation&quot;:&quot;none&quot;}\">\n\t\t\t\t\t<div class=\"e-con-inner\">\n\t\t\t\t<div class=\"elementor-element elementor-element-0c766b9 wcf-t-animation-none elementor-widget elementor-widget-heading\" data-id=\"0c766b9\" data-element_type=\"widget\" data-settings=\"{&quot;wcf_text_animation&quot;:&quot;none&quot;,&quot;wcf-animation&quot;:&quot;none&quot;}\" data-widget_type=\"heading.default\">\n\t\t\t\t<div class=\"elementor-widget-container\">\n\t\t\t\t\t<h1 class=\"elementor-heading-title elementor-size-default\">Aviso legal<\/h1>\t\t\t\t<\/div>\n\t\t\t\t<\/div>\n\t\t\t\t\t<\/div>\n\t\t\t\t<\/div>\n\t\t<div class=\"elementor-element elementor-element-2a87185f e-flex e-con-boxed e-con e-parent\" data-id=\"2a87185f\" data-element_type=\"container\" data-settings=\"{&quot;wcf_enable_cursor_hover_effect_text&quot;:&quot;View&quot;,&quot;wcf-animation&quot;:&quot;none&quot;}\">\n\t\t\t\t\t<div class=\"e-con-inner\">\n\t\t\t\t<div class=\"elementor-element elementor-element-13fb05b0 wcf-t-animation-none elementor-widget elementor-widget-text-editor\" data-id=\"13fb05b0\" data-element_type=\"widget\" data-settings=\"{&quot;wcf_text_animation&quot;:&quot;none&quot;,&quot;wcf-animation&quot;:&quot;none&quot;}\" data-widget_type=\"text-editor.default\">\n\t\t\t\t<div class=\"elementor-widget-container\">\n\t\t\t\t\t\t\t\t\t<p>Aviso legal<br>En cumplimiento del deber de informaci\u00f3n establecido en el art\u00edculo 10 de la Ley 34\/2002, de 11 de julio, de Servicios de la Sociedad de la Informaci\u00f3n y de Comercio Electr\u00f3nico (LSSICE), el titular del sitio web le informa de lo siguiente:<br>\u2022 Nombre de la empresa: Mareike Ramona Wevers<br>\u2022 N\u00famero de identificaci\u00f3n fiscal (NIF): X7924292X<br>\u2022 Direcci\u00f3n: Calle Mascarell 1 Blq 1 Piso 4 B, 07610 Palma de Mallorca, Espa\u00f1a<\/p><p>Dentro de los l\u00edmites establecidos por la ley, Mareike Ramona Wevers no asume ninguna responsabilidad por la falta de veracidad, integridad, actualizaci\u00f3n y exactitud de los datos o informaciones que figuran en sus p\u00e1ginas web.<\/p><p>Los contenidos e informaciones no vinculan a Mareike Ramona Wevers ni constituyen opiniones, consejos o asesoramiento jur\u00eddico de ning\u00fan tipo, ya que se trata \u00fanicamente de servicios ofrecidos con fines informativos y educativos.<\/p><p>Los sitios web de Mareike Ramona Wevers pueden contener enlaces a p\u00e1ginas de terceros que Mareike Ramona Wevers no puede controlar. Por lo tanto, Mareike Ramona Wevers no puede asumir responsabilidad alguna por los contenidos que puedan aparecer en p\u00e1ginas de terceros. <\/p><p>Los textos, im\u00e1genes, sonidos, animaciones, software y dem\u00e1s contenidos incluidos en este sitio web son propiedad exclusiva de Mareike Ramona Wevers o de sus licenciantes. Cualquier acto de transmisi\u00f3n, distribuci\u00f3n, cesi\u00f3n, reproducci\u00f3n, almacenamiento o comunicaci\u00f3n p\u00fablica, total o parcial, debe contar con el consentimiento expreso de Mareike Ramona Wevers. <\/p><p>Adem\u00e1s, para acceder a algunos de los servicios ofrecidos por Mareike Ramona Wevers a trav\u00e9s del sitio web, debe proporcionar algunos datos personales. De conformidad con el Reglamento (UE) 2016\/679 del Parlamento Europeo y del Consejo, de 27 de abril de 2016, relativo a la protecci\u00f3n de las personas f\u00edsicas en lo que respecta al tratamiento de datos personales y a la libre circulaci\u00f3n de estos datos, le informamos de que al completar estos formularios, sus datos personales ser\u00e1n incorporados y tratados en los ficheros de Mareike Ramona Wevers para prestar y ofrecer nuestros servicios e informarle de las mejoras del sitio web. <\/p><p>Asimismo, le informamos de que tendr\u00e1 la posibilidad de ejercer en cualquier momento los derechos de acceso, rectificaci\u00f3n, cancelaci\u00f3n, oposici\u00f3n, limitaci\u00f3n y portabilidad de sus datos personales, de forma gratuita, enviando un correo electr\u00f3nico a: m.wevers@bolita-events.com o dirigi\u00e9ndose a la direcci\u00f3n: Calle Mascarell 1 Blq 1 Piso 4 B, 07610 Palma de Mallorca, Espa\u00f1a.<\/p><p>REV: 20.0211<\/p>\t\t\t\t\t\t\t\t<\/div>\n\t\t\t\t<\/div>\n\t\t\t\t\t<\/div>\n\t\t\t\t<\/div>\n\t\t\t\t<\/div>\n\t\t","protected":false},"excerpt":{"rendered":"<p>Aviso legal Aviso legalEn cumplimiento del deber de informaci\u00f3n establecido en el art\u00edculo 10 de la Ley 34\/2002, de 11 de julio, de Servicios de la Sociedad de la Informaci\u00f3n y de Comercio Electr\u00f3nico (LSSICE), el titular del sitio web le informa de lo siguiente:\u2022 Nombre de la empresa: Mareike Ramona Wevers\u2022 N\u00famero de identificaci\u00f3n [&hellip;]<\/p>\n","protected":false},"author":1,"featured_media":0,"parent":0,"menu_order":0,"comment_status":"closed","ping_status":"closed","template":"elementor_header_footer","meta":{"_acf_changed":false,"footnotes":""},"class_list":["post-18017","page","type-page","status-publish","hentry"],"acf":[],"yoast_head":"<!-- This site is optimized with the Yoast SEO plugin v26.1.1 - https:\/\/yoast.com\/wordpress\/plugins\/seo\/ -->\n<title>Aviso legal | Bolita Events<\/title>\n<meta name=\"robots\" content=\"index, follow, max-snippet:-1, max-image-preview:large, max-video-preview:-1\" \/>\n<link rel=\"canonical\" href=\"https:\/\/bolita-events.com\/es\/aviso-legal\/\" \/>\n<meta property=\"og:locale\" content=\"es_ES\" \/>\n<meta property=\"og:type\" content=\"article\" \/>\n<meta property=\"og:title\" content=\"Aviso legal | Bolita Events\" \/>\n<meta property=\"og:description\" content=\"Aviso legal Aviso legalEn cumplimiento del deber de informaci\u00f3n establecido en el art\u00edculo 10 de la Ley 34\/2002, de 11 de julio, de Servicios de la Sociedad de la Informaci\u00f3n y de Comercio Electr\u00f3nico (LSSICE), el titular del sitio web le informa de lo siguiente:\u2022 Nombre de la empresa: Mareike Ramona Wevers\u2022 N\u00famero de identificaci\u00f3n [&hellip;]\" \/>\n<meta property=\"og:url\" content=\"https:\/\/bolita-events.com\/es\/aviso-legal\/\" \/>\n<meta property=\"og:site_name\" content=\"Bolita Events\" \/>\n<meta property=\"article:publisher\" content=\"https:\/\/www.facebook.com\/BolitaEvents\/\" \/>\n<meta property=\"article:modified_time\" content=\"2025-08-12T07:18:14+00:00\" \/>\n<meta property=\"og:image\" content=\"https:\/\/bolita-events.com\/wp-content\/uploads\/2024\/05\/LOGO_BOLITA_CONSIMBOLO-1-scaled.png\" \/>\n\t<meta property=\"og:image:width\" content=\"2560\" \/>\n\t<meta property=\"og:image:height\" content=\"1871\" \/>\n\t<meta property=\"og:image:type\" content=\"image\/png\" \/>\n<meta name=\"twitter:card\" content=\"summary_large_image\" \/>\n<meta name=\"twitter:label1\" content=\"Tiempo de lectura\" \/>\n\t<meta name=\"twitter:data1\" content=\"2 minutos\" \/>\n<script type=\"application\/ld+json\" class=\"yoast-schema-graph\">{\"@context\":\"https:\/\/schema.org\",\"@graph\":[{\"@type\":\"WebPage\",\"@id\":\"https:\/\/bolita-events.com\/es\/aviso-legal\/\",\"url\":\"https:\/\/bolita-events.com\/es\/aviso-legal\/\",\"name\":\"Aviso legal | Bolita Events\",\"isPartOf\":{\"@id\":\"https:\/\/bolita-events.com\/es\/#website\"},\"datePublished\":\"2025-06-12T16:07:14+00:00\",\"dateModified\":\"2025-08-12T07:18:14+00:00\",\"breadcrumb\":{\"@id\":\"https:\/\/bolita-events.com\/es\/aviso-legal\/#breadcrumb\"},\"inLanguage\":\"es\",\"potentialAction\":[{\"@type\":\"ReadAction\",\"target\":[\"https:\/\/bolita-events.com\/es\/aviso-legal\/\"]}]},{\"@type\":\"BreadcrumbList\",\"@id\":\"https:\/\/bolita-events.com\/es\/aviso-legal\/#breadcrumb\",\"itemListElement\":[{\"@type\":\"ListItem\",\"position\":1,\"name\":\"Portada\",\"item\":\"https:\/\/bolita-events.com\/es\/inicio\/\"},{\"@type\":\"ListItem\",\"position\":2,\"name\":\"Aviso legal\"}]},{\"@type\":\"WebSite\",\"@id\":\"https:\/\/bolita-events.com\/es\/#website\",\"url\":\"https:\/\/bolita-events.com\/es\/\",\"name\":\"Bolita Events\",\"description\":\"Consultant Agency\",\"publisher\":{\"@id\":\"https:\/\/bolita-events.com\/es\/#organization\"},\"alternateName\":\"Bolita\",\"potentialAction\":[{\"@type\":\"SearchAction\",\"target\":{\"@type\":\"EntryPoint\",\"urlTemplate\":\"https:\/\/bolita-events.com\/es\/?s={search_term_string}\"},\"query-input\":{\"@type\":\"PropertyValueSpecification\",\"valueRequired\":true,\"valueName\":\"search_term_string\"}}],\"inLanguage\":\"es\"},{\"@type\":\"Organization\",\"@id\":\"https:\/\/bolita-events.com\/es\/#organization\",\"name\":\"Bolita Events\",\"alternateName\":\"Bolita\",\"url\":\"https:\/\/bolita-events.com\/es\/\",\"logo\":{\"@type\":\"ImageObject\",\"inLanguage\":\"es\",\"@id\":\"https:\/\/bolita-events.com\/es\/#\/schema\/logo\/image\/\",\"url\":\"https:\/\/bolita-events.com\/wp-content\/uploads\/2024\/05\/LOGO_BOLITA_CONSIMBOLO-1-scaled.png\",\"contentUrl\":\"https:\/\/bolita-events.com\/wp-content\/uploads\/2024\/05\/LOGO_BOLITA_CONSIMBOLO-1-scaled.png\",\"width\":2560,\"height\":1871,\"caption\":\"Bolita Events\"},\"image\":{\"@id\":\"https:\/\/bolita-events.com\/es\/#\/schema\/logo\/image\/\"},\"sameAs\":[\"https:\/\/www.facebook.com\/BolitaEvents\/\",\"https:\/\/es.linkedin.com\/company\/bolita-events\"]}]}<\/script>\n<!-- \/ Yoast SEO plugin. -->","yoast_head_json":{"title":"Aviso legal | Bolita Events","robots":{"index":"index","follow":"follow","max-snippet":"max-snippet:-1","max-image-preview":"max-image-preview:large","max-video-preview":"max-video-preview:-1"},"canonical":"https:\/\/bolita-events.com\/es\/aviso-legal\/","og_locale":"es_ES","og_type":"article","og_title":"Aviso legal | Bolita Events","og_description":"Aviso legal Aviso legalEn cumplimiento del deber de informaci\u00f3n establecido en el art\u00edculo 10 de la Ley 34\/2002, de 11 de julio, de Servicios de la Sociedad de la Informaci\u00f3n y de Comercio Electr\u00f3nico (LSSICE), el titular del sitio web le informa de lo siguiente:\u2022 Nombre de la empresa: Mareike Ramona Wevers\u2022 N\u00famero de identificaci\u00f3n [&hellip;]","og_url":"https:\/\/bolita-events.com\/es\/aviso-legal\/","og_site_name":"Bolita Events","article_publisher":"https:\/\/www.facebook.com\/BolitaEvents\/","article_modified_time":"2025-08-12T07:18:14+00:00","og_image":[{"width":2560,"height":1871,"url":"https:\/\/bolita-events.com\/wp-content\/uploads\/2024\/05\/LOGO_BOLITA_CONSIMBOLO-1-scaled.png","type":"image\/png"}],"twitter_card":"summary_large_image","twitter_misc":{"Tiempo de lectura":"2 minutos"},"schema":{"@context":"https:\/\/schema.org","@graph":[{"@type":"WebPage","@id":"https:\/\/bolita-events.com\/es\/aviso-legal\/","url":"https:\/\/bolita-events.com\/es\/aviso-legal\/","name":"Aviso legal | Bolita Events","isPartOf":{"@id":"https:\/\/bolita-events.com\/es\/#website"},"datePublished":"2025-06-12T16:07:14+00:00","dateModified":"2025-08-12T07:18:14+00:00","breadcrumb":{"@id":"https:\/\/bolita-events.com\/es\/aviso-legal\/#breadcrumb"},"inLanguage":"es","potentialAction":[{"@type":"ReadAction","target":["https:\/\/bolita-events.com\/es\/aviso-legal\/"]}]},{"@type":"BreadcrumbList","@id":"https:\/\/bolita-events.com\/es\/aviso-legal\/#breadcrumb","itemListElement":[{"@type":"ListItem","position":1,"name":"Portada","item":"https:\/\/bolita-events.com\/es\/inicio\/"},{"@type":"ListItem","position":2,"name":"Aviso legal"}]},{"@type":"WebSite","@id":"https:\/\/bolita-events.com\/es\/#website","url":"https:\/\/bolita-events.com\/es\/","name":"Bolita Events","description":"Consultant Agency","publisher":{"@id":"https:\/\/bolita-events.com\/es\/#organization"},"alternateName":"Bolita","potentialAction":[{"@type":"SearchAction","target":{"@type":"EntryPoint","urlTemplate":"https:\/\/bolita-events.com\/es\/?s={search_term_string}"},"query-input":{"@type":"PropertyValueSpecification","valueRequired":true,"valueName":"search_term_string"}}],"inLanguage":"es"},{"@type":"Organization","@id":"https:\/\/bolita-events.com\/es\/#organization","name":"Bolita Events","alternateName":"Bolita","url":"https:\/\/bolita-events.com\/es\/","logo":{"@type":"ImageObject","inLanguage":"es","@id":"https:\/\/bolita-events.com\/es\/#\/schema\/logo\/image\/","url":"https:\/\/bolita-events.com\/wp-content\/uploads\/2024\/05\/LOGO_BOLITA_CONSIMBOLO-1-scaled.png","contentUrl":"https:\/\/bolita-events.com\/wp-content\/uploads\/2024\/05\/LOGO_BOLITA_CONSIMBOLO-1-scaled.png","width":2560,"height":1871,"caption":"Bolita Events"},"image":{"@id":"https:\/\/bolita-events.com\/es\/#\/schema\/logo\/image\/"},"sameAs":["https:\/\/www.facebook.com\/BolitaEvents\/","https:\/\/es.linkedin.com\/company\/bolita-events"]}]}},"_links":{"self":[{"href":"https:\/\/bolita-events.com\/es\/wp-json\/wp\/v2\/pages\/18017","targetHints":{"allow":["GET"]}}],"collection":[{"href":"https:\/\/bolita-events.com\/es\/wp-json\/wp\/v2\/pages"}],"about":[{"href":"https:\/\/bolita-events.com\/es\/wp-json\/wp\/v2\/types\/page"}],"author":[{"embeddable":true,"href":"https:\/\/bolita-events.com\/es\/wp-json\/wp\/v2\/users\/1"}],"replies":[{"embeddable":true,"href":"https:\/\/bolita-events.com\/es\/wp-json\/wp\/v2\/comments?post=18017"}],"version-history":[{"count":1,"href":"https:\/\/bolita-events.com\/es\/wp-json\/wp\/v2\/pages\/18017\/revisions"}],"predecessor-version":[{"id":18018,"href":"https:\/\/bolita-events.com\/es\/wp-json\/wp\/v2\/pages\/18017\/revisions\/18018"}],"wp:attachment":[{"href":"https:\/\/bolita-events.com\/es\/wp-json\/wp\/v2\/media?parent=18017"}],"curies":[{"name":"wp","href":"https:\/\/api.w.org\/{rel}","templated":true}]}}