{"id":18024,"date":"2025-06-12T18:06:47","date_gmt":"2025-06-12T16:06:47","guid":{"rendered":"https:\/\/bolita-events.com\/cookie-richtlinie\/"},"modified":"2025-08-12T09:28:39","modified_gmt":"2025-08-12T07:28:39","slug":"cookie-richtlinie","status":"publish","type":"page","link":"https:\/\/bolita-events.com\/de\/cookie-richtlinie\/","title":{"rendered":"Cookie-Richtlinie"},"content":{"rendered":"\t\t<div data-elementor-type=\"wp-page\" data-elementor-id=\"18024\" class=\"elementor elementor-18024 elementor-17037\" data-elementor-post-type=\"page\">\n\t\t\t\t<div class=\"elementor-element elementor-element-a9fb2bd e-flex e-con-boxed e-con e-parent\" data-id=\"a9fb2bd\" data-element_type=\"container\" data-settings=\"{&quot;background_background&quot;:&quot;classic&quot;,&quot;wcf_enable_cursor_hover_effect_text&quot;:&quot;View&quot;,&quot;wcf-animation&quot;:&quot;none&quot;}\">\n\t\t\t\t\t<div class=\"e-con-inner\">\n\t\t\t\t<div class=\"elementor-element elementor-element-6c65e95 wcf-t-animation-none elementor-widget elementor-widget-heading\" data-id=\"6c65e95\" data-element_type=\"widget\" data-settings=\"{&quot;wcf_text_animation&quot;:&quot;none&quot;,&quot;wcf-animation&quot;:&quot;none&quot;}\" data-widget_type=\"heading.default\">\n\t\t\t\t<div class=\"elementor-widget-container\">\n\t\t\t\t\t<h1 class=\"elementor-heading-title elementor-size-default\">Cookie-Richtlinie<\/h1>\t\t\t\t<\/div>\n\t\t\t\t<\/div>\n\t\t\t\t\t<\/div>\n\t\t\t\t<\/div>\n\t\t<div class=\"elementor-element elementor-element-6b25cb09 e-flex e-con-boxed e-con e-parent\" data-id=\"6b25cb09\" data-element_type=\"container\" data-settings=\"{&quot;wcf_enable_cursor_hover_effect_text&quot;:&quot;View&quot;,&quot;wcf-animation&quot;:&quot;none&quot;}\">\n\t\t\t\t\t<div class=\"e-con-inner\">\n\t\t\t\t<div class=\"elementor-element elementor-element-205b2980 wcf-t-animation-none elementor-widget elementor-widget-text-editor\" data-id=\"205b2980\" data-element_type=\"widget\" data-settings=\"{&quot;wcf_text_animation&quot;:&quot;none&quot;,&quot;wcf-animation&quot;:&quot;none&quot;}\" data-widget_type=\"text-editor.default\">\n\t\t\t\t<div class=\"elementor-widget-container\">\n\t\t\t\t\t\t\t\t\t<p>Cookie-Richtlinie<br>Mareike Ramona Wevers informiert \u00fcber die Verwendung von Cookies auf ihrer Website: www.bolita-events.com<\/p><p>Was sind Cookies?<br>Cookies sind Dateien, die \u00fcber Webseiten auf Ihr Ger\u00e4t heruntergeladen werden k\u00f6nnen. Sie sind unverzichtbare Werkzeuge f\u00fcr die Bereitstellung zahlreicher Dienste in der Informationsgesellschaft. Unter anderem erm\u00f6glichen sie es einer Website, Informationen \u00fcber die Surfgewohnheiten eines Nutzers oder dessen Ger\u00e4t zu speichern und abzurufen und k\u00f6nnen, je nach den erhaltenen Informationen, dazu verwendet werden, den Nutzer wiederzuerkennen und den angebotenen Dienst zu verbessern.  <\/p><p>Arten von Cookies<br>Je nachdem, wer die Domain verwaltet, von der aus Cookies gesendet werden, und die erhaltenen Daten verarbeitet, lassen sich zwei Arten unterscheiden:<br>\u2022 Erstanbieter-Cookies: Diese werden von einem Rechner oder einer Domain, die vom Herausgeber selbst verwaltet werden und von denen aus der vom Nutzer angeforderte Dienst bereitgestellt wird, an das Ger\u00e4t des Nutzers gesendet.<br>\u2022 Cookies von Drittanbietern: Diese werden von einem Rechner oder einer Domain, die nicht vom Herausgeber verwaltet werden, sondern von einer anderen Stelle, die die durch die Cookies gewonnenen Daten verarbeitet, an das Ger\u00e4t des Nutzers gesendet.<br>Wenn die Cookies von einem Rechner oder einer Domain installiert werden, die vom Herausgeber verwaltet werden, die durch sie gesammelten Informationen jedoch von einem Dritten verwaltet werden, k\u00f6nnen sie nicht als Erstanbieter-Cookies betrachtet werden.<\/p><p>Es gibt auch eine zweite Klassifizierung, die sich nach der Dauer ihrer Speicherung im Browser des Kunden richtet. Diese kann wie folgt aussehen:<br>\u2022 Sitzungscookies: Sie dienen dazu, Daten zu sammeln und zu speichern, w\u00e4hrend der Benutzer auf eine Webseite zugreift. Sie werden in der Regel verwendet, um Informationen zu speichern, die nur f\u00fcr die Erbringung der vom Benutzer einmalig angeforderten Dienstleistung ben\u00f6tigt werden (z. B. eine Liste der gekauften Produkte). <br>\u2022 Permanente Cookies: Die Daten bleiben auf dem Ger\u00e4t gespeichert und k\u00f6nnen \u00fcber einen vom Eigent\u00fcmer des Cookies festgelegten Zeitraum, der von wenigen Minuten bis zu mehreren Jahren reichen kann, abgerufen und verarbeitet werden.<\/p><p>Schlie\u00dflich gibt es noch eine weitere Klassifizierung mit sechs Arten von Cookies, die sich nach dem Zweck richtet, f\u00fcr den die erhobenen Daten verarbeitet werden:<br>\u2022 Technische Cookies: Erm\u00f6glichen es dem Nutzer, durch eine Webseite, Plattform oder Anwendung zu navigieren und verschiedene Optionen oder Dienste zu nutzen, wie z. B. die Steuerung des Datenverkehrs und der Datenkommunikation, die Identifizierung der Sitzung, den Zugriff auf Bereiche mit eingeschr\u00e4nktem Zugriff, die Speicherung der Artikel in einer Bestellung, die Bearbeitung einer Bestellung, die Beantragung einer Registrierung oder Teilnahme an einer Veranstaltung, die Verwendung von Sicherheitselementen w\u00e4hrend der Navigation, die Speicherung von Inhalten f\u00fcr die Verbreitung von Videos oder Ton oder die Weitergabe von Inhalten \u00fcber soziale Netzwerke.<br>\u2022 Anpassungs-Cookies: Erm\u00f6glichen dem Benutzer den Zugriff auf den Dienst mit einigen vordefinierten allgemeinen Merkmalen, die auf einer Reihe von Kriterien auf dem Ger\u00e4t des Benutzers basieren, wie z. B. Sprache, Browsertyp, regionale Konfiguration usw.<br>\u2022 Analytische Cookies: Erm\u00f6glichen es dem Verantwortlichen, das Verhalten der Nutzer auf den Websites, mit denen sie verkn\u00fcpft sind, zu verfolgen und zu analysieren. Die durch diese Cookies gesammelten Informationen werden verwendet, um die Aktivit\u00e4t von Websites, Anwendungen oder Plattformen zu messen und Browsing-Profile der Nutzer zu erstellen, um auf der Grundlage der Analyse der Nutzungsdaten Verbesserungen vorzunehmen. <br>\u2022 Werbe-Cookies: Erm\u00f6glichen die effiziente Verwaltung von Werbefl\u00e4chen.<br>\u2022 Verhaltensbasierte Werbe-Cookies: Speichern Informationen \u00fcber das Verhalten der Nutzer, die durch kontinuierliche Beobachtung ihrer Surfgewohnheiten gewonnen werden, und erm\u00f6glichen die Erstellung spezifischer Profile, um entsprechend Werbung anzuzeigen.<br>\u2022 Externe Social-Media-Cookies: Erm\u00f6glichen es Besuchern, mit Inhalten verschiedener sozialer Plattformen (Facebook, YouTube, Twitter, LinkedIn usw.) zu interagieren, und werden ausschlie\u00dflich f\u00fcr Nutzer dieser sozialen Netzwerke generiert. Die Bedingungen f\u00fcr die Verwendung dieser Cookies und die gesammelten Informationen unterliegen den Datenschutzrichtlinien der jeweiligen sozialen Plattform. <\/p><p>Deaktivierung und L\u00f6schung von Cookies<br>Sie haben die M\u00f6glichkeit, die auf Ihrem Ger\u00e4t installierten Cookies zuzulassen, zu blockieren oder zu l\u00f6schen, indem Sie die auf Ihrem Ger\u00e4t installierten Browseroptionen konfigurieren. Die Deaktivierung von Cookies kann dazu f\u00fchren, dass einige der verf\u00fcgbaren Dienste nicht mehr funktionieren. Die Vorgehensweise zum Deaktivieren von Cookies variiert je nach Browser, kann jedoch in der Regel \u00fcber das Men\u00fc \u201eExtras\u201d oder \u201eOptionen\u201d erfolgen. Anweisungen finden Sie auch im Hilfemen\u00fc des Browsers. Der Nutzer kann jederzeit ausw\u00e4hlen, welche Cookies er auf dieser Website verwenden m\u00f6chte.    <\/p><p>Sie k\u00f6nnen Cookies, die auf Ihrem Ger\u00e4t installiert sind, zulassen, blockieren oder l\u00f6schen, indem Sie die Optionen in dem auf Ihrem Computer installierten Browser konfigurieren:<br>\u2022 Microsoft Internet Explorer oder Microsoft Edge: http:\/\/windows.microsoft.com\/en-us\/windows-vista\/Block-or-allow-cookies<br>\u2022 Mozilla Firefox: http:\/\/support.mozilla.org\/en-us\/kb\/Prevent-websites-storing-preferences<br>\u2022 Chrome: https:\/\/support.google.com\/accounts\/answer\/61416?hl=en<br>\u2022 Safari: http:\/\/safari.helpmax.net\/en\/privacy-and-security\/how-to-manage-cookies\/<br>\u2022 Opera: http:\/\/help.opera.com\/Linux\/10.60\/en\/cookies.html<\/p><p>Dar\u00fcber hinaus k\u00f6nnen Sie die Speicherung von Cookies in Ihrem Browser mit folgenden Tools verwalten:<br>\u2022 Ghostery: www.ghostery.com<br>\u2022 Your Online Choices: www.youronlinechoices.com\/en\/<\/p><p>Auf www.bolita-events.com verwendete Cookies<br>Nachfolgend sind die auf diesem Portal verwendeten Cookies sowie deren Art und Funktion aufgef\u00fchrt:<\/p><p>Akzeptanz der Cookie-Richtlinie<br>\u201eWebsite-URL\u201c geht davon aus, dass Sie die Verwendung von Cookies akzeptieren. Es werden jedoch bei jeder Anmeldung am unteren oder oberen Rand jeder Seite des Portals Informationen \u00fcber die Cookie-Richtlinie angezeigt, damit Sie dar\u00fcber informiert sind. <\/p><p>Aufgrund dieser Informationen k\u00f6nnen Sie folgende Ma\u00dfnahmen ergreifen:<br>\u2022 Cookies akzeptieren: Diese Meldung wird w\u00e4hrend der aktuellen Sitzung beim Zugriff auf eine beliebige Seite des Portals nicht erneut angezeigt.<br>\u2022 Schlie\u00dfen: Der Hinweis wird auf der aktuellen Seite ausgeblendet.<br>\u2022 Einstellungen \u00e4ndern: Sie k\u00f6nnen weitere Informationen dar\u00fcber erhalten, was Cookies sind, die Cookie-Richtlinie von www.bolita-events.com einsehen und Ihre Browsereinstellungen \u00e4ndern.<\/p><p>REV: 20.0211<\/p>\t\t\t\t\t\t\t\t<\/div>\n\t\t\t\t<\/div>\n\t\t\t\t\t<\/div>\n\t\t\t\t<\/div>\n\t\t\t\t<\/div>\n\t\t","protected":false},"excerpt":{"rendered":"<p>Cookie-Richtlinie Cookie-RichtlinieMareike Ramona Wevers informiert \u00fcber die Verwendung von Cookies auf ihrer Website: www.bolita-events.com Was sind Cookies?Cookies sind Dateien, die \u00fcber Webseiten auf Ihr Ger\u00e4t heruntergeladen werden k\u00f6nnen. Sie sind unverzichtbare Werkzeuge f\u00fcr die Bereitstellung zahlreicher Dienste in der Informationsgesellschaft. Unter anderem erm\u00f6glichen sie es einer Website, Informationen \u00fcber die Surfgewohnheiten eines Nutzers oder dessen [&hellip;]<\/p>\n","protected":false},"author":1,"featured_media":0,"parent":0,"menu_order":0,"comment_status":"closed","ping_status":"closed","template":"elementor_header_footer","meta":{"_acf_changed":false,"footnotes":""},"class_list":["post-18024","page","type-page","status-publish","hentry"],"acf":[],"yoast_head":"<!-- This site is optimized with the Yoast SEO plugin v26.1.1 - https:\/\/yoast.com\/wordpress\/plugins\/seo\/ -->\n<title>Cookie-Richtlinie | Bolita Events<\/title>\n<meta name=\"robots\" content=\"index, follow, max-snippet:-1, max-image-preview:large, max-video-preview:-1\" \/>\n<link rel=\"canonical\" href=\"https:\/\/bolita-events.com\/de\/cookie-richtlinie\/\" \/>\n<meta property=\"og:locale\" content=\"de_DE\" \/>\n<meta property=\"og:type\" content=\"article\" \/>\n<meta property=\"og:title\" content=\"Cookie-Richtlinie | Bolita Events\" \/>\n<meta property=\"og:description\" content=\"Cookie-Richtlinie Cookie-RichtlinieMareike Ramona Wevers informiert \u00fcber die Verwendung von Cookies auf ihrer Website: www.bolita-events.com Was sind Cookies?Cookies sind Dateien, die \u00fcber Webseiten auf Ihr Ger\u00e4t heruntergeladen werden k\u00f6nnen. Sie sind unverzichtbare Werkzeuge f\u00fcr die Bereitstellung zahlreicher Dienste in der Informationsgesellschaft. Unter anderem erm\u00f6glichen sie es einer Website, Informationen \u00fcber die Surfgewohnheiten eines Nutzers oder dessen [&hellip;]\" \/>\n<meta property=\"og:url\" content=\"https:\/\/bolita-events.com\/de\/cookie-richtlinie\/\" \/>\n<meta property=\"og:site_name\" content=\"Bolita Events\" \/>\n<meta property=\"article:publisher\" content=\"https:\/\/www.facebook.com\/BolitaEvents\/\" \/>\n<meta property=\"article:modified_time\" content=\"2025-08-12T07:28:39+00:00\" \/>\n<meta property=\"og:image\" content=\"https:\/\/bolita-events.com\/wp-content\/uploads\/2024\/05\/LOGO_BOLITA_CONSIMBOLO-1-scaled.png\" \/>\n\t<meta property=\"og:image:width\" content=\"2560\" \/>\n\t<meta property=\"og:image:height\" content=\"1871\" \/>\n\t<meta property=\"og:image:type\" content=\"image\/png\" \/>\n<meta name=\"twitter:card\" content=\"summary_large_image\" \/>\n<meta name=\"twitter:label1\" content=\"Gesch\u00e4tzte Lesezeit\" \/>\n\t<meta name=\"twitter:data1\" content=\"5\u00a0Minuten\" \/>\n<script type=\"application\/ld+json\" class=\"yoast-schema-graph\">{\"@context\":\"https:\/\/schema.org\",\"@graph\":[{\"@type\":\"WebPage\",\"@id\":\"https:\/\/bolita-events.com\/de\/cookie-richtlinie\/\",\"url\":\"https:\/\/bolita-events.com\/de\/cookie-richtlinie\/\",\"name\":\"Cookie-Richtlinie | Bolita Events\",\"isPartOf\":{\"@id\":\"https:\/\/bolita-events.com\/de\/#website\"},\"datePublished\":\"2025-06-12T16:06:47+00:00\",\"dateModified\":\"2025-08-12T07:28:39+00:00\",\"breadcrumb\":{\"@id\":\"https:\/\/bolita-events.com\/de\/cookie-richtlinie\/#breadcrumb\"},\"inLanguage\":\"de\",\"potentialAction\":[{\"@type\":\"ReadAction\",\"target\":[\"https:\/\/bolita-events.com\/de\/cookie-richtlinie\/\"]}]},{\"@type\":\"BreadcrumbList\",\"@id\":\"https:\/\/bolita-events.com\/de\/cookie-richtlinie\/#breadcrumb\",\"itemListElement\":[{\"@type\":\"ListItem\",\"position\":1,\"name\":\"Portada\",\"item\":\"https:\/\/bolita-events.com\/de\/\"},{\"@type\":\"ListItem\",\"position\":2,\"name\":\"Cookie-Richtlinie\"}]},{\"@type\":\"WebSite\",\"@id\":\"https:\/\/bolita-events.com\/de\/#website\",\"url\":\"https:\/\/bolita-events.com\/de\/\",\"name\":\"Bolita Events\",\"description\":\"Consultant Agency\",\"publisher\":{\"@id\":\"https:\/\/bolita-events.com\/de\/#organization\"},\"alternateName\":\"Bolita\",\"potentialAction\":[{\"@type\":\"SearchAction\",\"target\":{\"@type\":\"EntryPoint\",\"urlTemplate\":\"https:\/\/bolita-events.com\/de\/?s={search_term_string}\"},\"query-input\":{\"@type\":\"PropertyValueSpecification\",\"valueRequired\":true,\"valueName\":\"search_term_string\"}}],\"inLanguage\":\"de\"},{\"@type\":\"Organization\",\"@id\":\"https:\/\/bolita-events.com\/de\/#organization\",\"name\":\"Bolita Events\",\"alternateName\":\"Bolita\",\"url\":\"https:\/\/bolita-events.com\/de\/\",\"logo\":{\"@type\":\"ImageObject\",\"inLanguage\":\"de\",\"@id\":\"https:\/\/bolita-events.com\/de\/#\/schema\/logo\/image\/\",\"url\":\"https:\/\/bolita-events.com\/wp-content\/uploads\/2024\/05\/LOGO_BOLITA_CONSIMBOLO-1-scaled.png\",\"contentUrl\":\"https:\/\/bolita-events.com\/wp-content\/uploads\/2024\/05\/LOGO_BOLITA_CONSIMBOLO-1-scaled.png\",\"width\":2560,\"height\":1871,\"caption\":\"Bolita Events\"},\"image\":{\"@id\":\"https:\/\/bolita-events.com\/de\/#\/schema\/logo\/image\/\"},\"sameAs\":[\"https:\/\/www.facebook.com\/BolitaEvents\/\",\"https:\/\/es.linkedin.com\/company\/bolita-events\"]}]}<\/script>\n<!-- \/ Yoast SEO plugin. -->","yoast_head_json":{"title":"Cookie-Richtlinie | Bolita Events","robots":{"index":"index","follow":"follow","max-snippet":"max-snippet:-1","max-image-preview":"max-image-preview:large","max-video-preview":"max-video-preview:-1"},"canonical":"https:\/\/bolita-events.com\/de\/cookie-richtlinie\/","og_locale":"de_DE","og_type":"article","og_title":"Cookie-Richtlinie | Bolita Events","og_description":"Cookie-Richtlinie Cookie-RichtlinieMareike Ramona Wevers informiert \u00fcber die Verwendung von Cookies auf ihrer Website: www.bolita-events.com Was sind Cookies?Cookies sind Dateien, die \u00fcber Webseiten auf Ihr Ger\u00e4t heruntergeladen werden k\u00f6nnen. Sie sind unverzichtbare Werkzeuge f\u00fcr die Bereitstellung zahlreicher Dienste in der Informationsgesellschaft. Unter anderem erm\u00f6glichen sie es einer Website, Informationen \u00fcber die Surfgewohnheiten eines Nutzers oder dessen [&hellip;]","og_url":"https:\/\/bolita-events.com\/de\/cookie-richtlinie\/","og_site_name":"Bolita Events","article_publisher":"https:\/\/www.facebook.com\/BolitaEvents\/","article_modified_time":"2025-08-12T07:28:39+00:00","og_image":[{"width":2560,"height":1871,"url":"https:\/\/bolita-events.com\/wp-content\/uploads\/2024\/05\/LOGO_BOLITA_CONSIMBOLO-1-scaled.png","type":"image\/png"}],"twitter_card":"summary_large_image","twitter_misc":{"Gesch\u00e4tzte Lesezeit":"5\u00a0Minuten"},"schema":{"@context":"https:\/\/schema.org","@graph":[{"@type":"WebPage","@id":"https:\/\/bolita-events.com\/de\/cookie-richtlinie\/","url":"https:\/\/bolita-events.com\/de\/cookie-richtlinie\/","name":"Cookie-Richtlinie | Bolita Events","isPartOf":{"@id":"https:\/\/bolita-events.com\/de\/#website"},"datePublished":"2025-06-12T16:06:47+00:00","dateModified":"2025-08-12T07:28:39+00:00","breadcrumb":{"@id":"https:\/\/bolita-events.com\/de\/cookie-richtlinie\/#breadcrumb"},"inLanguage":"de","potentialAction":[{"@type":"ReadAction","target":["https:\/\/bolita-events.com\/de\/cookie-richtlinie\/"]}]},{"@type":"BreadcrumbList","@id":"https:\/\/bolita-events.com\/de\/cookie-richtlinie\/#breadcrumb","itemListElement":[{"@type":"ListItem","position":1,"name":"Portada","item":"https:\/\/bolita-events.com\/de\/"},{"@type":"ListItem","position":2,"name":"Cookie-Richtlinie"}]},{"@type":"WebSite","@id":"https:\/\/bolita-events.com\/de\/#website","url":"https:\/\/bolita-events.com\/de\/","name":"Bolita Events","description":"Consultant Agency","publisher":{"@id":"https:\/\/bolita-events.com\/de\/#organization"},"alternateName":"Bolita","potentialAction":[{"@type":"SearchAction","target":{"@type":"EntryPoint","urlTemplate":"https:\/\/bolita-events.com\/de\/?s={search_term_string}"},"query-input":{"@type":"PropertyValueSpecification","valueRequired":true,"valueName":"search_term_string"}}],"inLanguage":"de"},{"@type":"Organization","@id":"https:\/\/bolita-events.com\/de\/#organization","name":"Bolita Events","alternateName":"Bolita","url":"https:\/\/bolita-events.com\/de\/","logo":{"@type":"ImageObject","inLanguage":"de","@id":"https:\/\/bolita-events.com\/de\/#\/schema\/logo\/image\/","url":"https:\/\/bolita-events.com\/wp-content\/uploads\/2024\/05\/LOGO_BOLITA_CONSIMBOLO-1-scaled.png","contentUrl":"https:\/\/bolita-events.com\/wp-content\/uploads\/2024\/05\/LOGO_BOLITA_CONSIMBOLO-1-scaled.png","width":2560,"height":1871,"caption":"Bolita Events"},"image":{"@id":"https:\/\/bolita-events.com\/de\/#\/schema\/logo\/image\/"},"sameAs":["https:\/\/www.facebook.com\/BolitaEvents\/","https:\/\/es.linkedin.com\/company\/bolita-events"]}]}},"_links":{"self":[{"href":"https:\/\/bolita-events.com\/de\/wp-json\/wp\/v2\/pages\/18024","targetHints":{"allow":["GET"]}}],"collection":[{"href":"https:\/\/bolita-events.com\/de\/wp-json\/wp\/v2\/pages"}],"about":[{"href":"https:\/\/bolita-events.com\/de\/wp-json\/wp\/v2\/types\/page"}],"author":[{"embeddable":true,"href":"https:\/\/bolita-events.com\/de\/wp-json\/wp\/v2\/users\/1"}],"replies":[{"embeddable":true,"href":"https:\/\/bolita-events.com\/de\/wp-json\/wp\/v2\/comments?post=18024"}],"version-history":[{"count":1,"href":"https:\/\/bolita-events.com\/de\/wp-json\/wp\/v2\/pages\/18024\/revisions"}],"predecessor-version":[{"id":18025,"href":"https:\/\/bolita-events.com\/de\/wp-json\/wp\/v2\/pages\/18024\/revisions\/18025"}],"wp:attachment":[{"href":"https:\/\/bolita-events.com\/de\/wp-json\/wp\/v2\/media?parent=18024"}],"curies":[{"name":"wp","href":"https:\/\/api.w.org\/{rel}","templated":true}]}}