{"id":18015,"date":"2025-06-12T18:07:14","date_gmt":"2025-06-12T16:07:14","guid":{"rendered":"https:\/\/bolita-events.com\/rechtlicher-hinweis\/"},"modified":"2025-08-12T09:16:37","modified_gmt":"2025-08-12T07:16:37","slug":"rechtlicher-hinweis","status":"publish","type":"page","link":"https:\/\/bolita-events.com\/de\/rechtlicher-hinweis\/","title":{"rendered":"Rechtlicher Hinweis"},"content":{"rendered":"\t\t<div data-elementor-type=\"wp-page\" data-elementor-id=\"18015\" class=\"elementor elementor-18015 elementor-17039\" data-elementor-post-type=\"page\">\n\t\t\t\t<div class=\"elementor-element elementor-element-7466058 e-flex e-con-boxed e-con e-parent\" data-id=\"7466058\" data-element_type=\"container\" data-settings=\"{&quot;background_background&quot;:&quot;classic&quot;,&quot;wcf_enable_cursor_hover_effect_text&quot;:&quot;View&quot;,&quot;wcf-animation&quot;:&quot;none&quot;}\">\n\t\t\t\t\t<div class=\"e-con-inner\">\n\t\t\t\t<div class=\"elementor-element elementor-element-0c766b9 wcf-t-animation-none elementor-widget elementor-widget-heading\" data-id=\"0c766b9\" data-element_type=\"widget\" data-settings=\"{&quot;wcf_text_animation&quot;:&quot;none&quot;,&quot;wcf-animation&quot;:&quot;none&quot;}\" data-widget_type=\"heading.default\">\n\t\t\t\t<div class=\"elementor-widget-container\">\n\t\t\t\t\t<h1 class=\"elementor-heading-title elementor-size-default\">Rechtlicher Hinweis<\/h1>\t\t\t\t<\/div>\n\t\t\t\t<\/div>\n\t\t\t\t\t<\/div>\n\t\t\t\t<\/div>\n\t\t<div class=\"elementor-element elementor-element-2a87185f e-flex e-con-boxed e-con e-parent\" data-id=\"2a87185f\" data-element_type=\"container\" data-settings=\"{&quot;wcf_enable_cursor_hover_effect_text&quot;:&quot;View&quot;,&quot;wcf-animation&quot;:&quot;none&quot;}\">\n\t\t\t\t\t<div class=\"e-con-inner\">\n\t\t\t\t<div class=\"elementor-element elementor-element-13fb05b0 wcf-t-animation-none elementor-widget elementor-widget-text-editor\" data-id=\"13fb05b0\" data-element_type=\"widget\" data-settings=\"{&quot;wcf_text_animation&quot;:&quot;none&quot;,&quot;wcf-animation&quot;:&quot;none&quot;}\" data-widget_type=\"text-editor.default\">\n\t\t\t\t<div class=\"elementor-widget-container\">\n\t\t\t\t\t\t\t\t\t<p>Rechtlicher Hinweis<br>In \u00dcbereinstimmung mit der Informationspflicht gem\u00e4\u00df Artikel 10 des Gesetzes 34\/2002 vom 11. Juli \u00fcber Dienste der Informationsgesellschaft und den elektronischen Gesch\u00e4ftsverkehr (LSSICE) informiert Sie der Eigent\u00fcmer der Website \u00fcber Folgendes:<br>\u2022 Firmenname: Mareike Ramona Wevers<br>\u2022 Steueridentifikationsnummer (NIF): X7924292X<br>\u2022 Anschrift: Calle Mascarell 1 Blq 1 Piso 4 B, 07610 Palma de Mallorca, Spanien<\/p><p>Im Rahmen der gesetzlichen Bestimmungen \u00fcbernimmt Mareike Ramona Wevers keine Verantwortung f\u00fcr die Richtigkeit, Vollst\u00e4ndigkeit, Aktualit\u00e4t und Genauigkeit der auf ihren Webseiten enthaltenen Daten oder Informationen.<\/p><p>Die Inhalte und Informationen sind f\u00fcr Mareike Ramona Wevers nicht bindend und stellen keine Meinungen, Ratschl\u00e4ge oder Rechtsberatung jeglicher Art dar, da es sich lediglich um Dienstleistungen handelt, die zu Informations- und Bildungszwecken angeboten werden.<\/p><p>Die Websites von Mareike Ramona Wevers k\u00f6nnen Links zu Seiten Dritter enthalten, auf die Mareike Ramona Wevers keinen Einfluss hat. Daher kann Mareike Ramona Wevers keine Verantwortung f\u00fcr die Inhalte \u00fcbernehmen, die auf Seiten Dritter erscheinen. <\/p><p>Die Texte, Bilder, Sounds, Animationen, Software und sonstigen Inhalte dieser Website sind das ausschlie\u00dfliche Eigentum von Mareike Ramona Wevers oder ihren Lizenzgebern. Jede \u00dcbertragung, Verbreitung, \u00dcbertragung, Vervielf\u00e4ltigung, Speicherung oder \u00f6ffentliche Wiedergabe, ganz oder teilweise, bedarf der ausdr\u00fccklichen Zustimmung von Mareike Ramona Wevers. <\/p><p>Dar\u00fcber hinaus m\u00fcssen Sie f\u00fcr den Zugriff auf einige der von Mareike Ramona Wevers \u00fcber die Website angebotenen Dienste einige personenbezogene Daten angeben. In \u00dcbereinstimmung mit der Verordnung (EU) 2016\/679 des Europ\u00e4ischen Parlaments und des Rates vom 27. April 2016 zum Schutz nat\u00fcrlicher Personen bei der Verarbeitung personenbezogener Daten und zum freien Datenverkehr informieren wir Sie dar\u00fcber, dass durch das Ausf\u00fcllen dieser Formulare Ihre personenbezogenen Daten in die Dateien von Mareike Ramona Wevers aufgenommen und verarbeitet werden, um Ihnen unsere Dienste anzubieten und Sie \u00fcber Verbesserungen der Website zu informieren. <\/p><p>Sie werden ebenfalls dar\u00fcber informiert, dass Sie jederzeit die M\u00f6glichkeit haben, Ihre Rechte auf Zugang, Berichtigung, L\u00f6schung, Widerspruch, Einschr\u00e4nkung und \u00dcbertragbarkeit Ihrer personenbezogenen Daten kostenlos per E-Mail an m.wevers@bolita-events.com oder unter der Adresse Calle Mascarell 1 Blq 1 Piso 4 B, 07610 Palma de Mallorca, Spanien, auszu\u00fcben.<\/p><p>REV: 20.0211<\/p>\t\t\t\t\t\t\t\t<\/div>\n\t\t\t\t<\/div>\n\t\t\t\t\t<\/div>\n\t\t\t\t<\/div>\n\t\t\t\t<\/div>\n\t\t","protected":false},"excerpt":{"rendered":"<p>Rechtlicher Hinweis Rechtlicher HinweisIn \u00dcbereinstimmung mit der Informationspflicht gem\u00e4\u00df Artikel 10 des Gesetzes 34\/2002 vom 11. Juli \u00fcber Dienste der Informationsgesellschaft und den elektronischen Gesch\u00e4ftsverkehr (LSSICE) informiert Sie der Eigent\u00fcmer der Website \u00fcber Folgendes:\u2022 Firmenname: Mareike Ramona Wevers\u2022 Steueridentifikationsnummer (NIF): X7924292X\u2022 Anschrift: Calle Mascarell 1 Blq 1 Piso 4 B, 07610 Palma de Mallorca, Spanien [&hellip;]<\/p>\n","protected":false},"author":1,"featured_media":0,"parent":0,"menu_order":0,"comment_status":"closed","ping_status":"closed","template":"elementor_header_footer","meta":{"_acf_changed":false,"footnotes":""},"class_list":["post-18015","page","type-page","status-publish","hentry"],"acf":[],"yoast_head":"<!-- This site is optimized with the Yoast SEO plugin v26.1.1 - https:\/\/yoast.com\/wordpress\/plugins\/seo\/ -->\n<title>Rechtlicher Hinweis | Bolita Events<\/title>\n<meta name=\"robots\" content=\"index, follow, max-snippet:-1, max-image-preview:large, max-video-preview:-1\" \/>\n<link rel=\"canonical\" href=\"https:\/\/bolita-events.com\/de\/rechtlicher-hinweis\/\" \/>\n<meta property=\"og:locale\" content=\"de_DE\" \/>\n<meta property=\"og:type\" content=\"article\" \/>\n<meta property=\"og:title\" content=\"Rechtlicher Hinweis | Bolita Events\" \/>\n<meta property=\"og:description\" content=\"Rechtlicher Hinweis Rechtlicher HinweisIn \u00dcbereinstimmung mit der Informationspflicht gem\u00e4\u00df Artikel 10 des Gesetzes 34\/2002 vom 11. Juli \u00fcber Dienste der Informationsgesellschaft und den elektronischen Gesch\u00e4ftsverkehr (LSSICE) informiert Sie der Eigent\u00fcmer der Website \u00fcber Folgendes:\u2022 Firmenname: Mareike Ramona Wevers\u2022 Steueridentifikationsnummer (NIF): X7924292X\u2022 Anschrift: Calle Mascarell 1 Blq 1 Piso 4 B, 07610 Palma de Mallorca, Spanien [&hellip;]\" \/>\n<meta property=\"og:url\" content=\"https:\/\/bolita-events.com\/de\/rechtlicher-hinweis\/\" \/>\n<meta property=\"og:site_name\" content=\"Bolita Events\" \/>\n<meta property=\"article:publisher\" content=\"https:\/\/www.facebook.com\/BolitaEvents\/\" \/>\n<meta property=\"article:modified_time\" content=\"2025-08-12T07:16:37+00:00\" \/>\n<meta property=\"og:image\" content=\"https:\/\/bolita-events.com\/wp-content\/uploads\/2024\/05\/LOGO_BOLITA_CONSIMBOLO-1-scaled.png\" \/>\n\t<meta property=\"og:image:width\" content=\"2560\" \/>\n\t<meta property=\"og:image:height\" content=\"1871\" \/>\n\t<meta property=\"og:image:type\" content=\"image\/png\" \/>\n<meta name=\"twitter:card\" content=\"summary_large_image\" \/>\n<meta name=\"twitter:label1\" content=\"Gesch\u00e4tzte Lesezeit\" \/>\n\t<meta name=\"twitter:data1\" content=\"2\u00a0Minuten\" \/>\n<script type=\"application\/ld+json\" class=\"yoast-schema-graph\">{\"@context\":\"https:\/\/schema.org\",\"@graph\":[{\"@type\":\"WebPage\",\"@id\":\"https:\/\/bolita-events.com\/de\/rechtlicher-hinweis\/\",\"url\":\"https:\/\/bolita-events.com\/de\/rechtlicher-hinweis\/\",\"name\":\"Rechtlicher Hinweis | Bolita Events\",\"isPartOf\":{\"@id\":\"https:\/\/bolita-events.com\/de\/#website\"},\"datePublished\":\"2025-06-12T16:07:14+00:00\",\"dateModified\":\"2025-08-12T07:16:37+00:00\",\"breadcrumb\":{\"@id\":\"https:\/\/bolita-events.com\/de\/rechtlicher-hinweis\/#breadcrumb\"},\"inLanguage\":\"de\",\"potentialAction\":[{\"@type\":\"ReadAction\",\"target\":[\"https:\/\/bolita-events.com\/de\/rechtlicher-hinweis\/\"]}]},{\"@type\":\"BreadcrumbList\",\"@id\":\"https:\/\/bolita-events.com\/de\/rechtlicher-hinweis\/#breadcrumb\",\"itemListElement\":[{\"@type\":\"ListItem\",\"position\":1,\"name\":\"Portada\",\"item\":\"https:\/\/bolita-events.com\/de\/startseite\/\"},{\"@type\":\"ListItem\",\"position\":2,\"name\":\"Rechtlicher Hinweis\"}]},{\"@type\":\"WebSite\",\"@id\":\"https:\/\/bolita-events.com\/de\/#website\",\"url\":\"https:\/\/bolita-events.com\/de\/\",\"name\":\"Bolita Events\",\"description\":\"Consultant Agency\",\"publisher\":{\"@id\":\"https:\/\/bolita-events.com\/de\/#organization\"},\"alternateName\":\"Bolita\",\"potentialAction\":[{\"@type\":\"SearchAction\",\"target\":{\"@type\":\"EntryPoint\",\"urlTemplate\":\"https:\/\/bolita-events.com\/de\/?s={search_term_string}\"},\"query-input\":{\"@type\":\"PropertyValueSpecification\",\"valueRequired\":true,\"valueName\":\"search_term_string\"}}],\"inLanguage\":\"de\"},{\"@type\":\"Organization\",\"@id\":\"https:\/\/bolita-events.com\/de\/#organization\",\"name\":\"Bolita Events\",\"alternateName\":\"Bolita\",\"url\":\"https:\/\/bolita-events.com\/de\/\",\"logo\":{\"@type\":\"ImageObject\",\"inLanguage\":\"de\",\"@id\":\"https:\/\/bolita-events.com\/de\/#\/schema\/logo\/image\/\",\"url\":\"https:\/\/bolita-events.com\/wp-content\/uploads\/2024\/05\/LOGO_BOLITA_CONSIMBOLO-1-scaled.png\",\"contentUrl\":\"https:\/\/bolita-events.com\/wp-content\/uploads\/2024\/05\/LOGO_BOLITA_CONSIMBOLO-1-scaled.png\",\"width\":2560,\"height\":1871,\"caption\":\"Bolita Events\"},\"image\":{\"@id\":\"https:\/\/bolita-events.com\/de\/#\/schema\/logo\/image\/\"},\"sameAs\":[\"https:\/\/www.facebook.com\/BolitaEvents\/\",\"https:\/\/es.linkedin.com\/company\/bolita-events\"]}]}<\/script>\n<!-- \/ Yoast SEO plugin. -->","yoast_head_json":{"title":"Rechtlicher Hinweis | Bolita Events","robots":{"index":"index","follow":"follow","max-snippet":"max-snippet:-1","max-image-preview":"max-image-preview:large","max-video-preview":"max-video-preview:-1"},"canonical":"https:\/\/bolita-events.com\/de\/rechtlicher-hinweis\/","og_locale":"de_DE","og_type":"article","og_title":"Rechtlicher Hinweis | Bolita Events","og_description":"Rechtlicher Hinweis Rechtlicher HinweisIn \u00dcbereinstimmung mit der Informationspflicht gem\u00e4\u00df Artikel 10 des Gesetzes 34\/2002 vom 11. Juli \u00fcber Dienste der Informationsgesellschaft und den elektronischen Gesch\u00e4ftsverkehr (LSSICE) informiert Sie der Eigent\u00fcmer der Website \u00fcber Folgendes:\u2022 Firmenname: Mareike Ramona Wevers\u2022 Steueridentifikationsnummer (NIF): X7924292X\u2022 Anschrift: Calle Mascarell 1 Blq 1 Piso 4 B, 07610 Palma de Mallorca, Spanien [&hellip;]","og_url":"https:\/\/bolita-events.com\/de\/rechtlicher-hinweis\/","og_site_name":"Bolita Events","article_publisher":"https:\/\/www.facebook.com\/BolitaEvents\/","article_modified_time":"2025-08-12T07:16:37+00:00","og_image":[{"width":2560,"height":1871,"url":"https:\/\/bolita-events.com\/wp-content\/uploads\/2024\/05\/LOGO_BOLITA_CONSIMBOLO-1-scaled.png","type":"image\/png"}],"twitter_card":"summary_large_image","twitter_misc":{"Gesch\u00e4tzte Lesezeit":"2\u00a0Minuten"},"schema":{"@context":"https:\/\/schema.org","@graph":[{"@type":"WebPage","@id":"https:\/\/bolita-events.com\/de\/rechtlicher-hinweis\/","url":"https:\/\/bolita-events.com\/de\/rechtlicher-hinweis\/","name":"Rechtlicher Hinweis | Bolita Events","isPartOf":{"@id":"https:\/\/bolita-events.com\/de\/#website"},"datePublished":"2025-06-12T16:07:14+00:00","dateModified":"2025-08-12T07:16:37+00:00","breadcrumb":{"@id":"https:\/\/bolita-events.com\/de\/rechtlicher-hinweis\/#breadcrumb"},"inLanguage":"de","potentialAction":[{"@type":"ReadAction","target":["https:\/\/bolita-events.com\/de\/rechtlicher-hinweis\/"]}]},{"@type":"BreadcrumbList","@id":"https:\/\/bolita-events.com\/de\/rechtlicher-hinweis\/#breadcrumb","itemListElement":[{"@type":"ListItem","position":1,"name":"Portada","item":"https:\/\/bolita-events.com\/de\/startseite\/"},{"@type":"ListItem","position":2,"name":"Rechtlicher Hinweis"}]},{"@type":"WebSite","@id":"https:\/\/bolita-events.com\/de\/#website","url":"https:\/\/bolita-events.com\/de\/","name":"Bolita Events","description":"Consultant Agency","publisher":{"@id":"https:\/\/bolita-events.com\/de\/#organization"},"alternateName":"Bolita","potentialAction":[{"@type":"SearchAction","target":{"@type":"EntryPoint","urlTemplate":"https:\/\/bolita-events.com\/de\/?s={search_term_string}"},"query-input":{"@type":"PropertyValueSpecification","valueRequired":true,"valueName":"search_term_string"}}],"inLanguage":"de"},{"@type":"Organization","@id":"https:\/\/bolita-events.com\/de\/#organization","name":"Bolita Events","alternateName":"Bolita","url":"https:\/\/bolita-events.com\/de\/","logo":{"@type":"ImageObject","inLanguage":"de","@id":"https:\/\/bolita-events.com\/de\/#\/schema\/logo\/image\/","url":"https:\/\/bolita-events.com\/wp-content\/uploads\/2024\/05\/LOGO_BOLITA_CONSIMBOLO-1-scaled.png","contentUrl":"https:\/\/bolita-events.com\/wp-content\/uploads\/2024\/05\/LOGO_BOLITA_CONSIMBOLO-1-scaled.png","width":2560,"height":1871,"caption":"Bolita Events"},"image":{"@id":"https:\/\/bolita-events.com\/de\/#\/schema\/logo\/image\/"},"sameAs":["https:\/\/www.facebook.com\/BolitaEvents\/","https:\/\/es.linkedin.com\/company\/bolita-events"]}]}},"_links":{"self":[{"href":"https:\/\/bolita-events.com\/de\/wp-json\/wp\/v2\/pages\/18015","targetHints":{"allow":["GET"]}}],"collection":[{"href":"https:\/\/bolita-events.com\/de\/wp-json\/wp\/v2\/pages"}],"about":[{"href":"https:\/\/bolita-events.com\/de\/wp-json\/wp\/v2\/types\/page"}],"author":[{"embeddable":true,"href":"https:\/\/bolita-events.com\/de\/wp-json\/wp\/v2\/users\/1"}],"replies":[{"embeddable":true,"href":"https:\/\/bolita-events.com\/de\/wp-json\/wp\/v2\/comments?post=18015"}],"version-history":[{"count":1,"href":"https:\/\/bolita-events.com\/de\/wp-json\/wp\/v2\/pages\/18015\/revisions"}],"predecessor-version":[{"id":18016,"href":"https:\/\/bolita-events.com\/de\/wp-json\/wp\/v2\/pages\/18015\/revisions\/18016"}],"wp:attachment":[{"href":"https:\/\/bolita-events.com\/de\/wp-json\/wp\/v2\/media?parent=18015"}],"curies":[{"name":"wp","href":"https:\/\/api.w.org\/{rel}","templated":true}]}}