{"id":18007,"date":"2025-06-12T18:06:04","date_gmt":"2025-06-12T16:06:04","guid":{"rendered":"https:\/\/bolita-events.com\/datenschutzerklaerung\/"},"modified":"2025-08-12T08:53:20","modified_gmt":"2025-08-12T06:53:20","slug":"datenschutzerklaerung","status":"publish","type":"page","link":"https:\/\/bolita-events.com\/de\/datenschutzerklaerung\/","title":{"rendered":"Datenschutzerkl\u00e4rung"},"content":{"rendered":"\t\t<div data-elementor-type=\"wp-page\" data-elementor-id=\"18007\" class=\"elementor elementor-18007 elementor-17035\" data-elementor-post-type=\"page\">\n\t\t\t\t<div class=\"elementor-element elementor-element-2b97ba6 e-flex e-con-boxed e-con e-parent\" data-id=\"2b97ba6\" data-element_type=\"container\" data-settings=\"{&quot;background_background&quot;:&quot;classic&quot;,&quot;wcf_enable_cursor_hover_effect_text&quot;:&quot;View&quot;,&quot;wcf-animation&quot;:&quot;none&quot;}\">\n\t\t\t\t\t<div class=\"e-con-inner\">\n\t\t\t\t<div class=\"elementor-element elementor-element-cabe9ed wcf-t-animation-none elementor-widget elementor-widget-heading\" data-id=\"cabe9ed\" data-element_type=\"widget\" data-settings=\"{&quot;wcf_text_animation&quot;:&quot;none&quot;,&quot;wcf-animation&quot;:&quot;none&quot;}\" data-widget_type=\"heading.default\">\n\t\t\t\t<div class=\"elementor-widget-container\">\n\t\t\t\t\t<h1 class=\"elementor-heading-title elementor-size-default\">Datenschutzerkl\u00e4rung<\/h1>\t\t\t\t<\/div>\n\t\t\t\t<\/div>\n\t\t\t\t\t<\/div>\n\t\t\t\t<\/div>\n\t\t<div class=\"elementor-element elementor-element-10da8227 e-flex e-con-boxed e-con e-parent\" data-id=\"10da8227\" data-element_type=\"container\" data-settings=\"{&quot;wcf_enable_cursor_hover_effect_text&quot;:&quot;View&quot;,&quot;wcf-animation&quot;:&quot;none&quot;}\">\n\t\t\t\t\t<div class=\"e-con-inner\">\n\t\t\t\t<div class=\"elementor-element elementor-element-35b603a8 wcf-t-animation-none elementor-widget elementor-widget-text-editor\" data-id=\"35b603a8\" data-element_type=\"widget\" data-settings=\"{&quot;wcf_text_animation&quot;:&quot;none&quot;,&quot;wcf-animation&quot;:&quot;none&quot;}\" data-widget_type=\"text-editor.default\">\n\t\t\t\t<div class=\"elementor-widget-container\">\n\t\t\t\t\t\t\t\t\t<p>Datenschutzhinweis gem\u00e4\u00df DSGVO<br>Mareike Ramona Wevers informiert, dass personenbezogene Daten, die \u00fcber die Formulare auf der Website www.bolita-events.com erhoben werden, in spezifische automatisierte Dateien f\u00fcr Nutzer der Dienstleistungen von Mareike Ramona Wevers aufgenommen werden. Die automatisierte Verarbeitung personenbezogener Daten dient der Pflege von Gesch\u00e4ftsbeziehungen sowie der Bereitstellung von Informationen, Schulungen und Beratung.<br>Diese Daten werden nur an Stellen weitergegeben, die zur Erf\u00fcllung des genannten Zwecks erforderlich sind. Mareike Ramona Wevers ergreift Ma\u00dfnahmen zur Gew\u00e4hrleistung der Sicherheit, Integrit\u00e4t und Vertraulichkeit der Daten gem\u00e4\u00df Verordnung (EU) 2016\/679, welche das alte Datenschutzgesetz ersetzt.<br>Nutzer k\u00f6nnen ihre Rechte auf Zugang, Widerspruch, Berichtigung, L\u00f6schung, Einschr\u00e4nkung und Daten\u00fcbertragbarkeit gem\u00e4\u00df der Verordnung aus\u00fcben. Diese Rechte k\u00f6nnen per E-Mail an m.wevers@bolita-events.com oder an die Adresse Calle Mascarell 1 Blq 1 Piso 4 B ausge\u00fcbt werden. Die Nutzer erkl\u00e4ren, dass alle bereitgestellten Daten korrekt sind und verpflichten sich, diese aktuell zu halten und \u00c4nderungen mitzuteilen.   <br>Zweck der Datenverarbeitung: Mareike Ramona Wevers verarbeitet personenbezogene Daten, die \u00fcber die Website erhoben werden, zu folgenden Zwecken:<br>1. Erf\u00fcllung kommerzieller, arbeitsrechtlicher, gesellschaftsrechtlicher und buchhalterischer Verpflichtungen.<br>2. Erbringung von Dienstleistungen gem\u00e4\u00df den spezifischen Bed\u00fcrfnissen der Kunden und zur Vertragserf\u00fcllung.<br>3. Versand von kommerziellen Informationen und Newslettern \u00fcber neue Dienstleistungen und Branchenentwicklungen.<br>4. Durchf\u00fchrung interner Prozesse zur Verwaltung von Lieferanten und Auftragnehmern.<br>5. Archivierung, Systemaktualisierung, Schutz und Sicherung von Informationen und Datenbanken.<br>6. \u00dcbermittlung von Daten an vertraglich gebundene Dritte zu kommerziellen, vertraglichen, administrativen, Marketing- oder operativen Zwecken.<br>7. Sicherheits- oder Betrugspr\u00e4ventionszwecke.<br>Nutzer k\u00f6nnen kommerziellen Mitteilungen jederzeit widersprechen, indem sie eine E-Mail an die oben genannte Adresse senden. Pflichtfelder m\u00fcssen ausgef\u00fcllt werden, um die genannten Zwecke zu erf\u00fcllen. <br>Speicherdauer der Daten: Personenbezogene Daten werden so lange gespeichert, wie die Gesch\u00e4ftsbeziehung besteht oder bis eine L\u00f6schung beantragt wird, sowie f\u00fcr die Dauer, die zur Ableitung rechtlicher Verantwortlichkeiten aus den erbrachten Dienstleistungen erforderlich ist.<br>Rechtsgrundlage: Die Datenverarbeitung basiert auf:<br>1. Der Anfrage nach Informationen und\/oder dem Vertragsabschluss mit Mareike Ramona Wevers, wobei die Bedingungen vor Vertragsabschluss bereitgestellt werden.<br>2. Der freien, spezifischen, informierten und eindeutigen Einwilligung, da die Nutzer durch diese Datenschutzerkl\u00e4rung informiert werden, die sie nach dem Lesen akzeptieren k\u00f6nnen.<br>Die Nichtbereitstellung korrekter Daten kann die Erf\u00fcllung von Anfragen unm\u00f6glich machen.<br>Empf\u00e4nger: Daten werden nicht an Dritte au\u00dferhalb von Mareike Ramona Wevers weitergegeben, es sei denn, es besteht eine gesetzliche Verpflichtung.<br>Verantwortung f\u00fcr Nutzerdaten: Wenn ein Nutzer personenbezogene Daten auf gemeinsam genutzten Hosting-Servern speichert, \u00fcbernimmt Mareike Ramona Wevers keine Verantwortung f\u00fcr Verst\u00f6\u00dfe gegen die DSGVO.<br>Datenspeicherung gem\u00e4\u00df LSSI: Mareike Ramona Wevers speichert wesentliche Informationen zur Identifikation der Herkunft gehosteter Daten f\u00fcr bis zu 12 Monate gem\u00e4\u00df dem Gesetz 34\/2002 vom 11. Juli \u00fcber Dienste der Informationsgesellschaft. Diese Daten werden gespeichert, ohne das Kommunikationsgeheimnis zu beeintr\u00e4chtigen, und nur f\u00fcr strafrechtliche Ermittlungen oder zur \u00f6ffentlichen Sicherheit verwendet.<br>Urheberrechte: Mareike Ramona Wevers besitzt alle Urheberrechte an den Inhalten und Dienstleistungen der Website. Die Reproduktion oder Nutzung der Inhalte ohne vorherige schriftliche Zustimmung ist untersagt.<br>Urheberrechte an Software: Nutzer m\u00fcssen Programme von Drittanbietern respektieren, die von Mareike Ramona Wevers bereitgestellt werden. Es werden keine Rechte oder Lizenzen an der f\u00fcr die Dienstleistung erforderlichen Software erworben, au\u00dfer jenen, die zur Erf\u00fcllung der vertraglich vereinbarten Leistungen w\u00e4hrend ihrer Laufzeit notwendig sind.<br>Nutzer sind verantwortlich f\u00fcr die Einhaltung von Gesetzen und Vorschriften bez\u00fcglich Online-Diensten, E-Commerce, Urheberrecht und \u00f6ffentlicher Ordnung.<br>Verantwortung f\u00fcr Inhalte: Nutzer sind verantwortlich f\u00fcr die Inhalte ihrer Website, einschlie\u00dflich \u00fcbermittelter Informationen, Hyperlinks und rechtlicher Anspr\u00fcche im Zusammenhang mit Urheberrechten und dem Schutz von Minderj\u00e4hrigen.<br>Schutz gehosteter Informationen: Mareike Ramona Wevers erstellt Sicherung<br><br>REV: 20.0211     <\/p>\t\t\t\t\t\t\t\t<\/div>\n\t\t\t\t<\/div>\n\t\t\t\t\t<\/div>\n\t\t\t\t<\/div>\n\t\t\t\t<\/div>\n\t\t","protected":false},"excerpt":{"rendered":"<p>Datenschutzerkl\u00e4rung Datenschutzhinweis gem\u00e4\u00df DSGVOMareike Ramona Wevers informiert, dass personenbezogene Daten, die \u00fcber die Formulare auf der Website www.bolita-events.com erhoben werden, in spezifische automatisierte Dateien f\u00fcr Nutzer der Dienstleistungen von Mareike Ramona Wevers aufgenommen werden. Die automatisierte Verarbeitung personenbezogener Daten dient der Pflege von Gesch\u00e4ftsbeziehungen sowie der Bereitstellung von Informationen, Schulungen und Beratung.Diese Daten werden nur [&hellip;]<\/p>\n","protected":false},"author":1,"featured_media":0,"parent":0,"menu_order":0,"comment_status":"closed","ping_status":"closed","template":"elementor_header_footer","meta":{"_acf_changed":false,"footnotes":""},"class_list":["post-18007","page","type-page","status-publish","hentry"],"acf":[],"yoast_head":"<!-- This site is optimized with the Yoast SEO plugin v26.1.1 - https:\/\/yoast.com\/wordpress\/plugins\/seo\/ -->\n<title>Datenschutzerkl\u00e4rung | Bolita Events<\/title>\n<meta name=\"robots\" content=\"index, follow, max-snippet:-1, max-image-preview:large, max-video-preview:-1\" \/>\n<link rel=\"canonical\" href=\"https:\/\/bolita-events.com\/de\/datenschutzerklaerung\/\" \/>\n<meta property=\"og:locale\" content=\"de_DE\" \/>\n<meta property=\"og:type\" content=\"article\" \/>\n<meta property=\"og:title\" content=\"Datenschutzerkl\u00e4rung | Bolita Events\" \/>\n<meta property=\"og:description\" content=\"Datenschutzerkl\u00e4rung Datenschutzhinweis gem\u00e4\u00df DSGVOMareike Ramona Wevers informiert, dass personenbezogene Daten, die \u00fcber die Formulare auf der Website www.bolita-events.com erhoben werden, in spezifische automatisierte Dateien f\u00fcr Nutzer der Dienstleistungen von Mareike Ramona Wevers aufgenommen werden. Die automatisierte Verarbeitung personenbezogener Daten dient der Pflege von Gesch\u00e4ftsbeziehungen sowie der Bereitstellung von Informationen, Schulungen und Beratung.Diese Daten werden nur [&hellip;]\" \/>\n<meta property=\"og:url\" content=\"https:\/\/bolita-events.com\/de\/datenschutzerklaerung\/\" \/>\n<meta property=\"og:site_name\" content=\"Bolita Events\" \/>\n<meta property=\"article:publisher\" content=\"https:\/\/www.facebook.com\/BolitaEvents\/\" \/>\n<meta property=\"article:modified_time\" content=\"2025-08-12T06:53:20+00:00\" \/>\n<meta property=\"og:image\" content=\"https:\/\/bolita-events.com\/wp-content\/uploads\/2024\/05\/LOGO_BOLITA_CONSIMBOLO-1-scaled.png\" \/>\n\t<meta property=\"og:image:width\" content=\"2560\" \/>\n\t<meta property=\"og:image:height\" content=\"1871\" \/>\n\t<meta property=\"og:image:type\" content=\"image\/png\" \/>\n<meta name=\"twitter:card\" content=\"summary_large_image\" \/>\n<meta name=\"twitter:label1\" content=\"Gesch\u00e4tzte Lesezeit\" \/>\n\t<meta name=\"twitter:data1\" content=\"3\u00a0Minuten\" \/>\n<script type=\"application\/ld+json\" class=\"yoast-schema-graph\">{\"@context\":\"https:\/\/schema.org\",\"@graph\":[{\"@type\":\"WebPage\",\"@id\":\"https:\/\/bolita-events.com\/de\/datenschutzerklaerung\/\",\"url\":\"https:\/\/bolita-events.com\/de\/datenschutzerklaerung\/\",\"name\":\"Datenschutzerkl\u00e4rung | Bolita Events\",\"isPartOf\":{\"@id\":\"https:\/\/bolita-events.com\/de\/#website\"},\"datePublished\":\"2025-06-12T16:06:04+00:00\",\"dateModified\":\"2025-08-12T06:53:20+00:00\",\"breadcrumb\":{\"@id\":\"https:\/\/bolita-events.com\/de\/datenschutzerklaerung\/#breadcrumb\"},\"inLanguage\":\"de\",\"potentialAction\":[{\"@type\":\"ReadAction\",\"target\":[\"https:\/\/bolita-events.com\/de\/datenschutzerklaerung\/\"]}]},{\"@type\":\"BreadcrumbList\",\"@id\":\"https:\/\/bolita-events.com\/de\/datenschutzerklaerung\/#breadcrumb\",\"itemListElement\":[{\"@type\":\"ListItem\",\"position\":1,\"name\":\"Portada\",\"item\":\"https:\/\/bolita-events.com\/de\/\"},{\"@type\":\"ListItem\",\"position\":2,\"name\":\"Datenschutzerkl\u00e4rung\"}]},{\"@type\":\"WebSite\",\"@id\":\"https:\/\/bolita-events.com\/de\/#website\",\"url\":\"https:\/\/bolita-events.com\/de\/\",\"name\":\"Bolita Events\",\"description\":\"Consultant Agency\",\"publisher\":{\"@id\":\"https:\/\/bolita-events.com\/de\/#organization\"},\"alternateName\":\"Bolita\",\"potentialAction\":[{\"@type\":\"SearchAction\",\"target\":{\"@type\":\"EntryPoint\",\"urlTemplate\":\"https:\/\/bolita-events.com\/de\/?s={search_term_string}\"},\"query-input\":{\"@type\":\"PropertyValueSpecification\",\"valueRequired\":true,\"valueName\":\"search_term_string\"}}],\"inLanguage\":\"de\"},{\"@type\":\"Organization\",\"@id\":\"https:\/\/bolita-events.com\/de\/#organization\",\"name\":\"Bolita Events\",\"alternateName\":\"Bolita\",\"url\":\"https:\/\/bolita-events.com\/de\/\",\"logo\":{\"@type\":\"ImageObject\",\"inLanguage\":\"de\",\"@id\":\"https:\/\/bolita-events.com\/de\/#\/schema\/logo\/image\/\",\"url\":\"https:\/\/bolita-events.com\/wp-content\/uploads\/2024\/05\/LOGO_BOLITA_CONSIMBOLO-1-scaled.png\",\"contentUrl\":\"https:\/\/bolita-events.com\/wp-content\/uploads\/2024\/05\/LOGO_BOLITA_CONSIMBOLO-1-scaled.png\",\"width\":2560,\"height\":1871,\"caption\":\"Bolita Events\"},\"image\":{\"@id\":\"https:\/\/bolita-events.com\/de\/#\/schema\/logo\/image\/\"},\"sameAs\":[\"https:\/\/www.facebook.com\/BolitaEvents\/\",\"https:\/\/es.linkedin.com\/company\/bolita-events\"]}]}<\/script>\n<!-- \/ Yoast SEO plugin. -->","yoast_head_json":{"title":"Datenschutzerkl\u00e4rung | Bolita Events","robots":{"index":"index","follow":"follow","max-snippet":"max-snippet:-1","max-image-preview":"max-image-preview:large","max-video-preview":"max-video-preview:-1"},"canonical":"https:\/\/bolita-events.com\/de\/datenschutzerklaerung\/","og_locale":"de_DE","og_type":"article","og_title":"Datenschutzerkl\u00e4rung | Bolita Events","og_description":"Datenschutzerkl\u00e4rung Datenschutzhinweis gem\u00e4\u00df DSGVOMareike Ramona Wevers informiert, dass personenbezogene Daten, die \u00fcber die Formulare auf der Website www.bolita-events.com erhoben werden, in spezifische automatisierte Dateien f\u00fcr Nutzer der Dienstleistungen von Mareike Ramona Wevers aufgenommen werden. Die automatisierte Verarbeitung personenbezogener Daten dient der Pflege von Gesch\u00e4ftsbeziehungen sowie der Bereitstellung von Informationen, Schulungen und Beratung.Diese Daten werden nur [&hellip;]","og_url":"https:\/\/bolita-events.com\/de\/datenschutzerklaerung\/","og_site_name":"Bolita Events","article_publisher":"https:\/\/www.facebook.com\/BolitaEvents\/","article_modified_time":"2025-08-12T06:53:20+00:00","og_image":[{"width":2560,"height":1871,"url":"https:\/\/bolita-events.com\/wp-content\/uploads\/2024\/05\/LOGO_BOLITA_CONSIMBOLO-1-scaled.png","type":"image\/png"}],"twitter_card":"summary_large_image","twitter_misc":{"Gesch\u00e4tzte Lesezeit":"3\u00a0Minuten"},"schema":{"@context":"https:\/\/schema.org","@graph":[{"@type":"WebPage","@id":"https:\/\/bolita-events.com\/de\/datenschutzerklaerung\/","url":"https:\/\/bolita-events.com\/de\/datenschutzerklaerung\/","name":"Datenschutzerkl\u00e4rung | Bolita Events","isPartOf":{"@id":"https:\/\/bolita-events.com\/de\/#website"},"datePublished":"2025-06-12T16:06:04+00:00","dateModified":"2025-08-12T06:53:20+00:00","breadcrumb":{"@id":"https:\/\/bolita-events.com\/de\/datenschutzerklaerung\/#breadcrumb"},"inLanguage":"de","potentialAction":[{"@type":"ReadAction","target":["https:\/\/bolita-events.com\/de\/datenschutzerklaerung\/"]}]},{"@type":"BreadcrumbList","@id":"https:\/\/bolita-events.com\/de\/datenschutzerklaerung\/#breadcrumb","itemListElement":[{"@type":"ListItem","position":1,"name":"Portada","item":"https:\/\/bolita-events.com\/de\/"},{"@type":"ListItem","position":2,"name":"Datenschutzerkl\u00e4rung"}]},{"@type":"WebSite","@id":"https:\/\/bolita-events.com\/de\/#website","url":"https:\/\/bolita-events.com\/de\/","name":"Bolita Events","description":"Consultant Agency","publisher":{"@id":"https:\/\/bolita-events.com\/de\/#organization"},"alternateName":"Bolita","potentialAction":[{"@type":"SearchAction","target":{"@type":"EntryPoint","urlTemplate":"https:\/\/bolita-events.com\/de\/?s={search_term_string}"},"query-input":{"@type":"PropertyValueSpecification","valueRequired":true,"valueName":"search_term_string"}}],"inLanguage":"de"},{"@type":"Organization","@id":"https:\/\/bolita-events.com\/de\/#organization","name":"Bolita Events","alternateName":"Bolita","url":"https:\/\/bolita-events.com\/de\/","logo":{"@type":"ImageObject","inLanguage":"de","@id":"https:\/\/bolita-events.com\/de\/#\/schema\/logo\/image\/","url":"https:\/\/bolita-events.com\/wp-content\/uploads\/2024\/05\/LOGO_BOLITA_CONSIMBOLO-1-scaled.png","contentUrl":"https:\/\/bolita-events.com\/wp-content\/uploads\/2024\/05\/LOGO_BOLITA_CONSIMBOLO-1-scaled.png","width":2560,"height":1871,"caption":"Bolita Events"},"image":{"@id":"https:\/\/bolita-events.com\/de\/#\/schema\/logo\/image\/"},"sameAs":["https:\/\/www.facebook.com\/BolitaEvents\/","https:\/\/es.linkedin.com\/company\/bolita-events"]}]}},"_links":{"self":[{"href":"https:\/\/bolita-events.com\/de\/wp-json\/wp\/v2\/pages\/18007","targetHints":{"allow":["GET"]}}],"collection":[{"href":"https:\/\/bolita-events.com\/de\/wp-json\/wp\/v2\/pages"}],"about":[{"href":"https:\/\/bolita-events.com\/de\/wp-json\/wp\/v2\/types\/page"}],"author":[{"embeddable":true,"href":"https:\/\/bolita-events.com\/de\/wp-json\/wp\/v2\/users\/1"}],"replies":[{"embeddable":true,"href":"https:\/\/bolita-events.com\/de\/wp-json\/wp\/v2\/comments?post=18007"}],"version-history":[{"count":1,"href":"https:\/\/bolita-events.com\/de\/wp-json\/wp\/v2\/pages\/18007\/revisions"}],"predecessor-version":[{"id":18008,"href":"https:\/\/bolita-events.com\/de\/wp-json\/wp\/v2\/pages\/18007\/revisions\/18008"}],"wp:attachment":[{"href":"https:\/\/bolita-events.com\/de\/wp-json\/wp\/v2\/media?parent=18007"}],"curies":[{"name":"wp","href":"https:\/\/api.w.org\/{rel}","templated":true}]}}